{"id":1431,"date":"2025-12-12T06:39:01","date_gmt":"2025-12-12T06:39:01","guid":{"rendered":"https:\/\/zonacaral.gob.pe\/?page_id=1431"},"modified":"2026-01-06T04:43:53","modified_gmt":"2026-01-06T04:43:53","slug":"material-ludico","status":"publish","type":"page","link":"https:\/\/zonacaral.gob.pe\/en\/museo-caral-virtual\/material-ludico\/","title":{"rendered":"Play material"},"content":{"rendered":"<div data-elementor-type=\"wp-page\" data-elementor-id=\"1431\" class=\"elementor elementor-1431\" data-elementor-post-type=\"page\">\n\t\t\t\t<div class=\"elementor-element elementor-element-f3f1238 e-con-full e-flex e-con e-parent\" data-id=\"f3f1238\" data-element_type=\"container\">\n\t\t\t\t<div class=\"elementor-element elementor-element-c232baf elementor--h-position-center elementor--v-position-middle elementor-arrows-position-inside elementor-widget elementor-widget-slides\" data-id=\"c232baf\" data-element_type=\"widget\" data-settings=\"{&quot;navigation&quot;:&quot;arrows&quot;,&quot;transition&quot;:&quot;fade&quot;,&quot;autoplay&quot;:&quot;yes&quot;,&quot;pause_on_hover&quot;:&quot;yes&quot;,&quot;pause_on_interaction&quot;:&quot;yes&quot;,&quot;autoplay_speed&quot;:5000,&quot;infinite&quot;:&quot;yes&quot;,&quot;transition_speed&quot;:500}\" data-widget_type=\"slides.default\">\n\t\t\t\t\t\t\t\t\t\t<div class=\"elementor-slides-wrapper elementor-main-swiper swiper\" role=\"region\" aria-roledescription=\"carousel\" aria-label=\"Slides\" dir=\"ltr\" data-animation=\"fadeInUp\">\n\t\t\t\t<div class=\"swiper-wrapper elementor-slides\">\n\t\t\t\t\t\t\t\t\t\t<div class=\"elementor-repeater-item-9b059ec swiper-slide\" role=\"group\" aria-roledescription=\"slide\"><div class=\"swiper-slide-bg\" role=\"img\" aria-label=\"b80619e83c4486b87e592b6734a8eab2a4b53777\"><\/div><div class=\"swiper-slide-inner\" ><div class=\"swiper-slide-contents\"><\/div><\/div><\/div><div class=\"elementor-repeater-item-96a2a80 swiper-slide\" role=\"group\" aria-roledescription=\"slide\"><div class=\"swiper-slide-bg\" role=\"img\" aria-label=\"b80619e83c4486b87e592b6734a8eab2a4b53781\"><\/div><div class=\"swiper-slide-inner\" ><div class=\"swiper-slide-contents\"><\/div><\/div><\/div><div class=\"elementor-repeater-item-6a29952 swiper-slide\" role=\"group\" aria-roledescription=\"slide\"><div class=\"swiper-slide-bg\" role=\"img\" aria-label=\"b80619e83c4486b87e592b6734a8eab2a4b53782\"><\/div><div class=\"swiper-slide-inner\" ><div class=\"swiper-slide-contents\"><\/div><\/div><\/div>\t\t\t\t<\/div>\n\t\t\t\t\t\t\t\t\t\t\t\t\t\t\t<div class=\"elementor-swiper-button elementor-swiper-button-prev\" role=\"button\" tabindex=\"0\" aria-label=\"Previous slide\">\n\t\t\t\t\t\t\t<svg aria-hidden=\"true\" class=\"e-font-icon-svg e-eicon-chevron-left\" viewbox=\"0 0 1000 1000\" xmlns=\"http:\/\/www.w3.org\/2000\/svg\"><path d=\"M646 125C629 125 613 133 604 142L308 442C296 454 292 471 292 487 292 504 296 521 308 533L604 854C617 867 629 875 646 875 663 875 679 871 692 858 704 846 713 829 713 812 713 796 708 779 692 767L438 487 692 225C700 217 708 204 708 187 708 171 704 154 692 142 675 129 663 125 646 125Z\"><\/path><\/svg>\t\t\t\t\t\t<\/div>\n\t\t\t\t\t\t<div class=\"elementor-swiper-button elementor-swiper-button-next\" role=\"button\" tabindex=\"0\" aria-label=\"Next slide\">\n\t\t\t\t\t\t\t<svg aria-hidden=\"true\" class=\"e-font-icon-svg e-eicon-chevron-right\" viewbox=\"0 0 1000 1000\" xmlns=\"http:\/\/www.w3.org\/2000\/svg\"><path d=\"M696 533C708 521 713 504 713 487 713 471 708 454 696 446L400 146C388 133 375 125 354 125 338 125 325 129 313 142 300 154 292 171 292 187 292 204 296 221 308 233L563 492 304 771C292 783 288 800 288 817 288 833 296 850 308 863 321 871 338 875 354 875 371 875 388 867 400 854L696 533Z\"><\/path><\/svg>\t\t\t\t\t\t<\/div>\n\t\t\t\t\t\t\t\t\t\t\t\t\t\t\t\t\t<\/div>\n\t\t\t\t\t\t\t\t<\/div>\n\t\t\t\t<\/div>\n\t\t<div class=\"elementor-element elementor-element-9f668ee e-flex e-con-boxed e-con e-parent\" data-id=\"9f668ee\" data-element_type=\"container\" data-settings=\"{&quot;background_background&quot;:&quot;classic&quot;}\">\n\t\t\t\t\t<div class=\"e-con-inner\">\n\t\t\t\t<div class=\"elementor-element elementor-element-25d14d6 elementor-widget elementor-widget-image\" data-id=\"25d14d6\" data-element_type=\"widget\" data-widget_type=\"image.default\">\n\t\t\t\t\t\t\t\t\t\t\t\t\t\t\t\t<a href=\"https:\/\/zonacaral.gob.pe\/en\">\n\t\t\t\t\t\t\t<img decoding=\"async\" width=\"1\" height=\"1\" src=\"https:\/\/zonacaral.gob.pe\/wp-content\/uploads\/2025\/12\/vector_caral.svg\" class=\"attachment-large size-large wp-image-1208\" alt=\"\" \/>\t\t\t\t\t\t\t\t<\/a>\n\t\t\t\t\t\t\t\t\t\t\t\t\t\t\t<\/div>\n\t\t<div class=\"elementor-element elementor-element-ccc7a2e e-con-full e-flex e-con e-child\" data-id=\"ccc7a2e\" data-element_type=\"container\">\n\t\t\t\t<div class=\"elementor-element elementor-element-dfc1946 elementor-widget elementor-widget-heading\" data-id=\"dfc1946\" data-element_type=\"widget\" data-widget_type=\"heading.default\">\n\t\t\t\t\t<span class=\"elementor-heading-title elementor-size-default\"><a href=\"https:\/\/zonacaral.gob.pe\/en\">Inicio<\/a><\/span>\t\t\t\t<\/div>\n\t\t\t\t<div class=\"elementor-element elementor-element-c94373b elementor-view-default elementor-widget elementor-widget-icon\" data-id=\"c94373b\" data-element_type=\"widget\" data-widget_type=\"icon.default\">\n\t\t\t\t\t\t\t<div class=\"elementor-icon-wrapper\">\n\t\t\t<div class=\"elementor-icon\">\n\t\t\t<svg aria-hidden=\"true\" class=\"e-font-icon-svg e-fas-angle-right\" viewbox=\"0 0 256 512\" xmlns=\"http:\/\/www.w3.org\/2000\/svg\"><path d=\"M224.3 273l-136 136c-9.4 9.4-24.6 9.4-33.9 0l-22.6-22.6c-9.4-9.4-9.4-24.6 0-33.9l96.4-96.4-96.4-96.4c-9.4-9.4-9.4-24.6 0-33.9L54.3 103c9.4-9.4 24.6-9.4 33.9 0l136 136c9.5 9.4 9.5 24.6.1 34z\"><\/path><\/svg>\t\t\t<\/div>\n\t\t<\/div>\n\t\t\t\t\t\t<\/div>\n\t\t\t\t<div class=\"elementor-element elementor-element-d242eb8 elementor-widget elementor-widget-heading\" data-id=\"d242eb8\" data-element_type=\"widget\" data-widget_type=\"heading.default\">\n\t\t\t\t\t<span class=\"elementor-heading-title elementor-size-default\"><a href=\"https:\/\/zonacaral.gob.pe\/en\/museo-caral-virtual\/\">Virtual Caral Museum<\/a><\/span>\t\t\t\t<\/div>\n\t\t\t\t<div class=\"elementor-element elementor-element-9c78610 elementor-view-default elementor-widget elementor-widget-icon\" data-id=\"9c78610\" data-element_type=\"widget\" data-widget_type=\"icon.default\">\n\t\t\t\t\t\t\t<div class=\"elementor-icon-wrapper\">\n\t\t\t<div class=\"elementor-icon\">\n\t\t\t<svg aria-hidden=\"true\" class=\"e-font-icon-svg e-fas-angle-right\" viewbox=\"0 0 256 512\" xmlns=\"http:\/\/www.w3.org\/2000\/svg\"><path d=\"M224.3 273l-136 136c-9.4 9.4-24.6 9.4-33.9 0l-22.6-22.6c-9.4-9.4-9.4-24.6 0-33.9l96.4-96.4-96.4-96.4c-9.4-9.4-9.4-24.6 0-33.9L54.3 103c9.4-9.4 24.6-9.4 33.9 0l136 136c9.5 9.4 9.5 24.6.1 34z\"><\/path><\/svg>\t\t\t<\/div>\n\t\t<\/div>\n\t\t\t\t\t\t<\/div>\n\t\t\t\t<\/div>\n\t\t\t\t\t<\/div>\n\t\t\t\t<\/div>\n\t\t<div class=\"elementor-element elementor-element-99e5fba e-flex e-con-boxed e-con e-parent\" data-id=\"99e5fba\" data-element_type=\"container\" data-settings=\"{&quot;background_background&quot;:&quot;classic&quot;}\">\n\t\t\t\t\t<div class=\"e-con-inner\">\n\t\t<div class=\"elementor-element elementor-element-31d629d e-grid e-con-full e-con e-child\" data-id=\"31d629d\" data-element_type=\"container\">\n\t\t<div class=\"elementor-element elementor-element-48e653e e-con-full e-flex e-con e-child\" data-id=\"48e653e\" data-element_type=\"container\" data-settings=\"{&quot;background_background&quot;:&quot;classic&quot;}\">\n\t\t<div class=\"elementor-element elementor-element-438b907 e-con-full e-flex e-con e-child\" data-id=\"438b907\" data-element_type=\"container\">\n\t\t\t\t<div class=\"elementor-element elementor-element-4868e68 elementor-widget elementor-widget-image\" data-id=\"4868e68\" data-element_type=\"widget\" data-widget_type=\"image.default\">\n\t\t\t\t\t\t\t\t\t\t\t\t\t\t\t\t<a href=\"https:\/\/zonacaral.gob.pe\/en\/museo-caral-virtual\/material-ludico\/rompecabezas\/\">\n\t\t\t\t\t\t\t<img fetchpriority=\"high\" decoding=\"async\" width=\"1024\" height=\"1024\" src=\"https:\/\/zonacaral.gob.pe\/wp-content\/uploads\/2025\/12\/2905489ed51a29d9fdd91d744fe60d3748e67a29.webp\" class=\"attachment-large size-large wp-image-1742\" alt=\"\" srcset=\"https:\/\/zonacaral.gob.pe\/wp-content\/uploads\/2025\/12\/2905489ed51a29d9fdd91d744fe60d3748e67a29.webp 1024w, https:\/\/zonacaral.gob.pe\/wp-content\/uploads\/2025\/12\/2905489ed51a29d9fdd91d744fe60d3748e67a29-300x300.webp 300w, https:\/\/zonacaral.gob.pe\/wp-content\/uploads\/2025\/12\/2905489ed51a29d9fdd91d744fe60d3748e67a29-150x150.webp 150w, https:\/\/zonacaral.gob.pe\/wp-content\/uploads\/2025\/12\/2905489ed51a29d9fdd91d744fe60d3748e67a29-768x768.webp 768w, https:\/\/zonacaral.gob.pe\/wp-content\/uploads\/2025\/12\/2905489ed51a29d9fdd91d744fe60d3748e67a29-12x12.webp 12w\" sizes=\"(max-width: 1024px) 100vw, 1024px\" \/>\t\t\t\t\t\t\t\t<\/a>\n\t\t\t\t\t\t\t\t\t\t\t\t\t\t\t<\/div>\n\t\t\t\t<\/div>\n\t\t<div class=\"elementor-element elementor-element-78b04da e-con-full e-flex e-con e-child\" data-id=\"78b04da\" data-element_type=\"container\" data-settings=\"{&quot;background_background&quot;:&quot;classic&quot;}\">\n\t\t\t\t<div class=\"elementor-element elementor-element-c8761d8 elementor-widget elementor-widget-heading\" data-id=\"c8761d8\" data-element_type=\"widget\" data-widget_type=\"heading.default\">\n\t\t\t\t\t<h2 class=\"elementor-heading-title elementor-size-default\">Puzzle\n<\/h2>\t\t\t\t<\/div>\n\t\t\t\t<div class=\"elementor-element elementor-element-5d24b9b elementor-widget__width-initial elementor-widget elementor-widget-text-editor\" data-id=\"5d24b9b\" data-element_type=\"widget\" data-widget_type=\"text-editor.default\">\n\t\t\t\t\t\t\t\t\t<p>Podr\u00e1s recorrer el Museo Virtual Civilizaci\u00f3n Caral, con sus 10 salas tem\u00e1ticas.<\/p>\t\t\t\t\t\t\t\t<\/div>\n\t\t\t\t<\/div>\n\t\t\t\t<\/div>\n\t\t<div class=\"elementor-element elementor-element-2602f1b e-con-full e-flex e-con e-child\" data-id=\"2602f1b\" data-element_type=\"container\" data-settings=\"{&quot;background_background&quot;:&quot;classic&quot;}\">\n\t\t<div class=\"elementor-element elementor-element-c45f292 e-con-full e-flex e-con e-child\" data-id=\"c45f292\" data-element_type=\"container\">\n\t\t\t\t<div class=\"elementor-element elementor-element-c5fd807 elementor-widget elementor-widget-image\" data-id=\"c5fd807\" data-element_type=\"widget\" data-widget_type=\"image.default\">\n\t\t\t\t\t\t\t\t\t\t\t\t\t\t\t\t<a href=\"https:\/\/zonacaral.gob.pe\/en\/museo-caral-virtual\/material-ludico\/caralgrama\/\">\n\t\t\t\t\t\t\t<img decoding=\"async\" width=\"800\" height=\"602\" src=\"https:\/\/zonacaral.gob.pe\/wp-content\/uploads\/2025\/12\/2905489ed51a29d9fdd91d744fe60d3748e67a30.webp\" class=\"attachment-large size-large wp-image-1743\" alt=\"\" srcset=\"https:\/\/zonacaral.gob.pe\/wp-content\/uploads\/2025\/12\/2905489ed51a29d9fdd91d744fe60d3748e67a30.webp 800w, https:\/\/zonacaral.gob.pe\/wp-content\/uploads\/2025\/12\/2905489ed51a29d9fdd91d744fe60d3748e67a30-300x226.webp 300w, https:\/\/zonacaral.gob.pe\/wp-content\/uploads\/2025\/12\/2905489ed51a29d9fdd91d744fe60d3748e67a30-768x578.webp 768w, https:\/\/zonacaral.gob.pe\/wp-content\/uploads\/2025\/12\/2905489ed51a29d9fdd91d744fe60d3748e67a30-16x12.webp 16w\" sizes=\"(max-width: 800px) 100vw, 800px\" \/>\t\t\t\t\t\t\t\t<\/a>\n\t\t\t\t\t\t\t\t\t\t\t\t\t\t\t<\/div>\n\t\t\t\t<\/div>\n\t\t<div class=\"elementor-element elementor-element-49a0670 e-con-full e-flex e-con e-child\" data-id=\"49a0670\" data-element_type=\"container\" data-settings=\"{&quot;background_background&quot;:&quot;classic&quot;}\">\n\t\t\t\t<div class=\"elementor-element elementor-element-dd37a2a elementor-widget elementor-widget-heading\" data-id=\"dd37a2a\" data-element_type=\"widget\" data-widget_type=\"heading.default\">\n\t\t\t\t\t<h2 class=\"elementor-heading-title elementor-size-default\">Caral grama\n<\/h2>\t\t\t\t<\/div>\n\t\t\t\t<div class=\"elementor-element elementor-element-a0db2eb elementor-widget__width-initial elementor-widget elementor-widget-text-editor\" data-id=\"a0db2eb\" data-element_type=\"widget\" data-widget_type=\"text-editor.default\">\n\t\t\t\t\t\t\t\t\t<p>Podr\u00e1s recorrer el Museo Virtual Civilizaci\u00f3n Caral, con sus 10 salas tem\u00e1ticas.<\/p>\t\t\t\t\t\t\t\t<\/div>\n\t\t\t\t<\/div>\n\t\t\t\t<\/div>\n\t\t<div class=\"elementor-element elementor-element-51ef019 e-con-full e-flex e-con e-child\" data-id=\"51ef019\" data-element_type=\"container\" data-settings=\"{&quot;background_background&quot;:&quot;classic&quot;}\">\n\t\t<div class=\"elementor-element elementor-element-744e883 e-con-full e-flex e-con e-child\" data-id=\"744e883\" data-element_type=\"container\">\n\t\t\t\t<div class=\"elementor-element elementor-element-dd95e5f elementor-widget elementor-widget-image\" data-id=\"dd95e5f\" data-element_type=\"widget\" data-widget_type=\"image.default\">\n\t\t\t\t\t\t\t\t\t\t\t\t\t\t\t\t<a href=\"https:\/\/zonacaral.gob.pe\/en\/museo-caral-virtual\/material-ludico\/juego-memoria\/\">\n\t\t\t\t\t\t\t<img loading=\"lazy\" decoding=\"async\" width=\"544\" height=\"539\" src=\"https:\/\/zonacaral.gob.pe\/wp-content\/uploads\/2025\/12\/c3ba4e02403621f58da81a75732face4b13238d1.png\" class=\"attachment-large size-large wp-image-1747\" alt=\"\" srcset=\"https:\/\/zonacaral.gob.pe\/wp-content\/uploads\/2025\/12\/c3ba4e02403621f58da81a75732face4b13238d1.png 544w, https:\/\/zonacaral.gob.pe\/wp-content\/uploads\/2025\/12\/c3ba4e02403621f58da81a75732face4b13238d1-300x297.png 300w, https:\/\/zonacaral.gob.pe\/wp-content\/uploads\/2025\/12\/c3ba4e02403621f58da81a75732face4b13238d1-150x150.png 150w, https:\/\/zonacaral.gob.pe\/wp-content\/uploads\/2025\/12\/c3ba4e02403621f58da81a75732face4b13238d1-12x12.png 12w\" sizes=\"(max-width: 544px) 100vw, 544px\" \/>\t\t\t\t\t\t\t\t<\/a>\n\t\t\t\t\t\t\t\t\t\t\t\t\t\t\t<\/div>\n\t\t\t\t<\/div>\n\t\t<div class=\"elementor-element elementor-element-1f14996 e-con-full e-flex e-con e-child\" data-id=\"1f14996\" data-element_type=\"container\" data-settings=\"{&quot;background_background&quot;:&quot;classic&quot;}\">\n\t\t\t\t<div class=\"elementor-element elementor-element-9c8ba6b elementor-widget elementor-widget-heading\" data-id=\"9c8ba6b\" data-element_type=\"widget\" data-widget_type=\"heading.default\">\n\t\t\t\t\t<h2 class=\"elementor-heading-title elementor-size-default\">Juego memoria<\/h2>\t\t\t\t<\/div>\n\t\t\t\t<div class=\"elementor-element elementor-element-58a89fb elementor-widget__width-initial elementor-widget elementor-widget-text-editor\" data-id=\"58a89fb\" data-element_type=\"widget\" data-widget_type=\"text-editor.default\">\n\t\t\t\t\t\t\t\t\t<p>Descubre el entorno geogr\u00e1fico \u00fanico donde floreci\u00f3 la civilizaci\u00f3n m\u00e1s antigua del continente.<\/p>\t\t\t\t\t\t\t\t<\/div>\n\t\t\t\t<\/div>\n\t\t\t\t<\/div>\n\t\t\t\t<\/div>\n\t\t\t\t\t<\/div>\n\t\t\t\t<\/div>\n\t\t<div class=\"elementor-element elementor-element-7206e3b e-con-full e-flex e-con e-parent\" data-id=\"7206e3b\" data-element_type=\"container\">\n\t\t\t\t<div class=\"elementor-element elementor-element-ad4381c elementor-widget elementor-widget-image\" data-id=\"ad4381c\" data-element_type=\"widget\" data-widget_type=\"image.default\">\n\t\t\t\t\t\t\t\t\t\t\t\t\t\t\t<img loading=\"lazy\" decoding=\"async\" width=\"1024\" height=\"369\" src=\"https:\/\/zonacaral.gob.pe\/wp-content\/uploads\/2026\/01\/b80619e83c4486b87e592b6734a8eab2a4b53784-1024x369.webp\" class=\"attachment-large size-large wp-image-4454\" alt=\"\" srcset=\"https:\/\/zonacaral.gob.pe\/wp-content\/uploads\/2026\/01\/b80619e83c4486b87e592b6734a8eab2a4b53784-1024x369.webp 1024w, https:\/\/zonacaral.gob.pe\/wp-content\/uploads\/2026\/01\/b80619e83c4486b87e592b6734a8eab2a4b53784-300x108.webp 300w, https:\/\/zonacaral.gob.pe\/wp-content\/uploads\/2026\/01\/b80619e83c4486b87e592b6734a8eab2a4b53784-768x277.webp 768w, https:\/\/zonacaral.gob.pe\/wp-content\/uploads\/2026\/01\/b80619e83c4486b87e592b6734a8eab2a4b53784-18x6.webp 18w, https:\/\/zonacaral.gob.pe\/wp-content\/uploads\/2026\/01\/b80619e83c4486b87e592b6734a8eab2a4b53784-600x216.webp 600w, https:\/\/zonacaral.gob.pe\/wp-content\/uploads\/2026\/01\/b80619e83c4486b87e592b6734a8eab2a4b53784.webp 1444w\" sizes=\"(max-width: 1024px) 100vw, 1024px\" \/>\t\t\t\t\t\t\t\t\t\t\t\t\t\t\t<\/div>\n\t\t\t\t<\/div>\n\t\t\t\t<\/div>","protected":false},"excerpt":{"rendered":"<p>Inicio Museo Caral Virtual Rompecabezas Podr\u00e1s recorrer el Museo Virtual Civilizaci\u00f3n Caral, con sus 10 salas tem\u00e1ticas. Caral grama Podr\u00e1s [&hellip;]<\/p>","protected":false},"author":1,"featured_media":0,"parent":1180,"menu_order":0,"comment_status":"closed","ping_status":"closed","template":"","meta":{"_acf_changed":false,"site-sidebar-layout":"no-sidebar","site-content-layout":"","ast-site-content-layout":"full-width-container","site-content-style":"default","site-sidebar-style":"default","ast-global-header-display":"","ast-banner-title-visibility":"","ast-main-header-display":"","ast-hfb-above-header-display":"","ast-hfb-below-header-display":"","ast-hfb-mobile-header-display":"","site-post-title":"","ast-breadcrumbs-content":"","ast-featured-img":"disabled","footer-sml-layout":"","ast-disable-related-posts":"","theme-transparent-header-meta":"","adv-header-id-meta":"","stick-header-meta":"","header-above-stick-meta":"","header-main-stick-meta":"","header-below-stick-meta":"","astra-migrate-meta-layouts":"default","ast-page-background-enabled":"default","ast-page-background-meta":{"desktop":{"background-color":"var(--ast-global-color-5)","background-image":"","background-repeat":"repeat","background-position":"center center","background-size":"auto","background-attachment":"scroll","background-type":"","background-media":"","overlay-type":"","overlay-color":"","overlay-opacity":"","overlay-gradient":""},"tablet":{"background-color":"","background-image":"","background-repeat":"repeat","background-position":"center center","background-size":"auto","background-attachment":"scroll","background-type":"","background-media":"","overlay-type":"","overlay-color":"","overlay-opacity":"","overlay-gradient":""},"mobile":{"background-color":"","background-image":"","background-repeat":"repeat","background-position":"center center","background-size":"auto","background-attachment":"scroll","background-type":"","background-media":"","overlay-type":"","overlay-color":"","overlay-opacity":"","overlay-gradient":""}},"ast-content-background-meta":{"desktop":{"background-color":"var(--ast-global-color-4)","background-image":"","background-repeat":"repeat","background-position":"center center","background-size":"auto","background-attachment":"scroll","background-type":"","background-media":"","overlay-type":"","overlay-color":"","overlay-opacity":"","overlay-gradient":""},"tablet":{"background-color":"var(--ast-global-color-4)","background-image":"","background-repeat":"repeat","background-position":"center center","background-size":"auto","background-attachment":"scroll","background-type":"","background-media":"","overlay-type":"","overlay-color":"","overlay-opacity":"","overlay-gradient":""},"mobile":{"background-color":"var(--ast-global-color-4)","background-image":"","background-repeat":"repeat","background-position":"center center","background-size":"auto","background-attachment":"scroll","background-type":"","background-media":"","overlay-type":"","overlay-color":"","overlay-opacity":"","overlay-gradient":""}},"footnotes":""},"class_list":["post-1431","page","type-page","status-publish","hentry"],"acf":[],"yoast_head":"<!-- This site is optimized with the Yoast SEO plugin v27.2 - https:\/\/yoast.com\/product\/yoast-seo-wordpress\/ -->\n<title>Material l\u00fadico - Zona Caral<\/title>\n<meta name=\"robots\" content=\"index, follow, max-snippet:-1, max-image-preview:large, max-video-preview:-1\" \/>\n<link rel=\"canonical\" href=\"http:\/\/zonacaral.gob.pe\/en\/museo-caral-virtual\/material-ludico\/\" \/>\n<meta property=\"og:locale\" content=\"en_US\" \/>\n<meta property=\"og:type\" content=\"article\" \/>\n<meta property=\"og:title\" content=\"Material l\u00fadico - Zona Caral\" \/>\n<meta property=\"og:description\" content=\"Inicio Museo Caral Virtual Rompecabezas Podr\u00e1s recorrer el Museo Virtual Civilizaci\u00f3n Caral, con sus 10 salas tem\u00e1ticas. Caral grama Podr\u00e1s [&hellip;]\" \/>\n<meta property=\"og:url\" content=\"http:\/\/zonacaral.gob.pe\/en\/museo-caral-virtual\/material-ludico\/\" \/>\n<meta property=\"og:site_name\" content=\"Zona Caral\" \/>\n<meta property=\"article:modified_time\" content=\"2026-01-06T04:43:53+00:00\" \/>\n<meta property=\"og:image\" content=\"https:\/\/zonacaral.gob.pe\/wp-content\/uploads\/2025\/12\/vector_caral.svg\" \/>\n<meta name=\"twitter:card\" content=\"summary_large_image\" \/>\n<meta name=\"twitter:label1\" content=\"Est. reading time\" \/>\n\t<meta name=\"twitter:data1\" content=\"3 minutes\" \/>\n<script type=\"application\/ld+json\" class=\"yoast-schema-graph\">{\"@context\":\"https:\/\/schema.org\",\"@graph\":[{\"@type\":\"WebPage\",\"@id\":\"http:\/\/zonacaral.gob.pe\/es\/museo-caral-virtual\/material-ludico\/\",\"url\":\"http:\/\/zonacaral.gob.pe\/es\/museo-caral-virtual\/material-ludico\/\",\"name\":\"Material l\u00fadico - Zona Caral\",\"isPartOf\":{\"@id\":\"https:\/\/zonacaral.gob.pe\/es\/#website\"},\"primaryImageOfPage\":{\"@id\":\"http:\/\/zonacaral.gob.pe\/es\/museo-caral-virtual\/material-ludico\/#primaryimage\"},\"image\":{\"@id\":\"http:\/\/zonacaral.gob.pe\/es\/museo-caral-virtual\/material-ludico\/#primaryimage\"},\"thumbnailUrl\":\"https:\/\/zonacaral.gob.pe\/wp-content\/uploads\/2025\/12\/vector_caral.svg\",\"datePublished\":\"2025-12-12T06:39:01+00:00\",\"dateModified\":\"2026-01-06T04:43:53+00:00\",\"breadcrumb\":{\"@id\":\"http:\/\/zonacaral.gob.pe\/es\/museo-caral-virtual\/material-ludico\/#breadcrumb\"},\"inLanguage\":\"en-US\",\"potentialAction\":[{\"@type\":\"ReadAction\",\"target\":[\"http:\/\/zonacaral.gob.pe\/es\/museo-caral-virtual\/material-ludico\/\"]}]},{\"@type\":\"ImageObject\",\"inLanguage\":\"en-US\",\"@id\":\"http:\/\/zonacaral.gob.pe\/es\/museo-caral-virtual\/material-ludico\/#primaryimage\",\"url\":\"https:\/\/zonacaral.gob.pe\/wp-content\/uploads\/2025\/12\/vector_caral.svg\",\"contentUrl\":\"https:\/\/zonacaral.gob.pe\/wp-content\/uploads\/2025\/12\/vector_caral.svg\"},{\"@type\":\"BreadcrumbList\",\"@id\":\"http:\/\/zonacaral.gob.pe\/es\/museo-caral-virtual\/material-ludico\/#breadcrumb\",\"itemListElement\":[{\"@type\":\"ListItem\",\"position\":1,\"name\":\"Portada\",\"item\":\"https:\/\/zonacaral.gob.pe\/\"},{\"@type\":\"ListItem\",\"position\":2,\"name\":\"Museo Caral Virtual\",\"item\":\"http:\/\/zonacaral.gob.pe\/es\/museo-caral-virtual\/\"},{\"@type\":\"ListItem\",\"position\":3,\"name\":\"Material l\u00fadico\"}]},{\"@type\":\"WebSite\",\"@id\":\"https:\/\/zonacaral.gob.pe\/es\/#website\",\"url\":\"https:\/\/zonacaral.gob.pe\/es\/\",\"name\":\"Zona Caral\",\"description\":\"Investigamos, conservamos y difundimos el patrimonio cultural de la Civilizaci\u00f3n Caral, la m\u00e1s antigua de Am\u00e9rica.\",\"potentialAction\":[{\"@type\":\"SearchAction\",\"target\":{\"@type\":\"EntryPoint\",\"urlTemplate\":\"https:\/\/zonacaral.gob.pe\/es\/?s={search_term_string}\"},\"query-input\":{\"@type\":\"PropertyValueSpecification\",\"valueRequired\":true,\"valueName\":\"search_term_string\"}}],\"inLanguage\":\"en-US\"}]}<\/script>\n<!-- \/ Yoast SEO plugin. -->","yoast_head_json":{"title":"Material l\u00fadico - Zona Caral","robots":{"index":"index","follow":"follow","max-snippet":"max-snippet:-1","max-image-preview":"max-image-preview:large","max-video-preview":"max-video-preview:-1"},"canonical":"http:\/\/zonacaral.gob.pe\/en\/museo-caral-virtual\/material-ludico\/","og_locale":"en_US","og_type":"article","og_title":"Material l\u00fadico - Zona Caral","og_description":"Inicio Museo Caral Virtual Rompecabezas Podr\u00e1s recorrer el Museo Virtual Civilizaci\u00f3n Caral, con sus 10 salas tem\u00e1ticas. Caral grama Podr\u00e1s [&hellip;]","og_url":"http:\/\/zonacaral.gob.pe\/en\/museo-caral-virtual\/material-ludico\/","og_site_name":"Zona Caral","article_modified_time":"2026-01-06T04:43:53+00:00","og_image":[{"url":"https:\/\/zonacaral.gob.pe\/wp-content\/uploads\/2025\/12\/vector_caral.svg","type":"","width":"","height":""}],"twitter_card":"summary_large_image","twitter_misc":{"Est. reading time":"3 minutes"},"schema":{"@context":"https:\/\/schema.org","@graph":[{"@type":"WebPage","@id":"http:\/\/zonacaral.gob.pe\/es\/museo-caral-virtual\/material-ludico\/","url":"http:\/\/zonacaral.gob.pe\/es\/museo-caral-virtual\/material-ludico\/","name":"Material l\u00fadico - Zona Caral","isPartOf":{"@id":"https:\/\/zonacaral.gob.pe\/es\/#website"},"primaryImageOfPage":{"@id":"http:\/\/zonacaral.gob.pe\/es\/museo-caral-virtual\/material-ludico\/#primaryimage"},"image":{"@id":"http:\/\/zonacaral.gob.pe\/es\/museo-caral-virtual\/material-ludico\/#primaryimage"},"thumbnailUrl":"https:\/\/zonacaral.gob.pe\/wp-content\/uploads\/2025\/12\/vector_caral.svg","datePublished":"2025-12-12T06:39:01+00:00","dateModified":"2026-01-06T04:43:53+00:00","breadcrumb":{"@id":"http:\/\/zonacaral.gob.pe\/es\/museo-caral-virtual\/material-ludico\/#breadcrumb"},"inLanguage":"en-US","potentialAction":[{"@type":"ReadAction","target":["http:\/\/zonacaral.gob.pe\/es\/museo-caral-virtual\/material-ludico\/"]}]},{"@type":"ImageObject","inLanguage":"en-US","@id":"http:\/\/zonacaral.gob.pe\/es\/museo-caral-virtual\/material-ludico\/#primaryimage","url":"https:\/\/zonacaral.gob.pe\/wp-content\/uploads\/2025\/12\/vector_caral.svg","contentUrl":"https:\/\/zonacaral.gob.pe\/wp-content\/uploads\/2025\/12\/vector_caral.svg"},{"@type":"BreadcrumbList","@id":"http:\/\/zonacaral.gob.pe\/es\/museo-caral-virtual\/material-ludico\/#breadcrumb","itemListElement":[{"@type":"ListItem","position":1,"name":"Portada","item":"https:\/\/zonacaral.gob.pe\/"},{"@type":"ListItem","position":2,"name":"Museo Caral Virtual","item":"http:\/\/zonacaral.gob.pe\/es\/museo-caral-virtual\/"},{"@type":"ListItem","position":3,"name":"Material l\u00fadico"}]},{"@type":"WebSite","@id":"https:\/\/zonacaral.gob.pe\/es\/#website","url":"https:\/\/zonacaral.gob.pe\/es\/","name":"Zona Caral","description":"Investigamos, conservamos y difundimos el patrimonio cultural de la Civilizaci\u00f3n Caral, la m\u00e1s antigua de Am\u00e9rica.","potentialAction":[{"@type":"SearchAction","target":{"@type":"EntryPoint","urlTemplate":"https:\/\/zonacaral.gob.pe\/es\/?s={search_term_string}"},"query-input":{"@type":"PropertyValueSpecification","valueRequired":true,"valueName":"search_term_string"}}],"inLanguage":"en-US"}]}},"_links":{"self":[{"href":"https:\/\/zonacaral.gob.pe\/en\/wp-json\/wp\/v2\/pages\/1431","targetHints":{"allow":["GET"]}}],"collection":[{"href":"https:\/\/zonacaral.gob.pe\/en\/wp-json\/wp\/v2\/pages"}],"about":[{"href":"https:\/\/zonacaral.gob.pe\/en\/wp-json\/wp\/v2\/types\/page"}],"author":[{"embeddable":true,"href":"https:\/\/zonacaral.gob.pe\/en\/wp-json\/wp\/v2\/users\/1"}],"replies":[{"embeddable":true,"href":"https:\/\/zonacaral.gob.pe\/en\/wp-json\/wp\/v2\/comments?post=1431"}],"version-history":[{"count":61,"href":"https:\/\/zonacaral.gob.pe\/en\/wp-json\/wp\/v2\/pages\/1431\/revisions"}],"predecessor-version":[{"id":4461,"href":"https:\/\/zonacaral.gob.pe\/en\/wp-json\/wp\/v2\/pages\/1431\/revisions\/4461"}],"up":[{"embeddable":true,"href":"https:\/\/zonacaral.gob.pe\/en\/wp-json\/wp\/v2\/pages\/1180"}],"wp:attachment":[{"href":"https:\/\/zonacaral.gob.pe\/en\/wp-json\/wp\/v2\/media?parent=1431"}],"curies":[{"name":"wp","href":"https:\/\/api.w.org\/{rel}","templated":true}]}}