{"id":1443,"date":"2025-12-12T06:43:51","date_gmt":"2025-12-12T06:43:51","guid":{"rendered":"https:\/\/zonacaral.gob.pe\/?page_id=1443"},"modified":"2026-03-04T06:55:47","modified_gmt":"2026-03-04T06:55:47","slug":"rompecabezas","status":"publish","type":"page","link":"https:\/\/zonacaral.gob.pe\/en\/museo-caral-virtual\/material-ludico\/rompecabezas\/","title":{"rendered":"Puzzle"},"content":{"rendered":"<div data-elementor-type=\"wp-page\" data-elementor-id=\"1443\" class=\"elementor elementor-1443\" data-elementor-post-type=\"page\">\n\t\t\t\t<div class=\"elementor-element elementor-element-b62a3b5 slider-fondo e-flex e-con-boxed e-con e-parent\" data-id=\"b62a3b5\" data-element_type=\"container\" data-settings=\"{&quot;background_background&quot;:&quot;classic&quot;}\">\n\t\t\t\t\t<div class=\"e-con-inner\">\n\t\t<div class=\"elementor-element elementor-element-5cfd53e e-con-full e-flex e-con e-child\" data-id=\"5cfd53e\" data-element_type=\"container\">\n\t\t<div class=\"elementor-element elementor-element-ea012e0 e-con-full e-flex e-con e-child\" data-id=\"ea012e0\" data-element_type=\"container\">\n\t\t\t\t<div class=\"elementor-element elementor-element-e8922c0 elementor-widget elementor-widget-image\" data-id=\"e8922c0\" data-element_type=\"widget\" data-widget_type=\"image.default\">\n\t\t\t\t\t\t\t\t\t\t\t\t\t\t\t\t<a href=\"https:\/\/zonacaral.gob.pe\/en\/museo-caral-virtual\/\">\n\t\t\t\t\t\t\t<img decoding=\"async\" width=\"150\" height=\"78\" src=\"https:\/\/zonacaral.gob.pe\/wp-content\/uploads\/2025\/12\/04bea59d266468a1ec868be4d4fecc24f9f0cfa5.png\" class=\"attachment-large size-large wp-image-1202\" alt=\"\" \/>\t\t\t\t\t\t\t\t<\/a>\n\t\t\t\t\t\t\t\t\t\t\t\t\t\t\t<\/div>\n\t\t\t\t<div class=\"elementor-element elementor-element-27aeceb elementor-widget__width-initial elementor-invisible elementor-widget elementor-widget-text-editor\" data-id=\"27aeceb\" data-element_type=\"widget\" data-settings=\"{&quot;_animation&quot;:&quot;fadeInLeft&quot;}\" data-widget_type=\"text-editor.default\">\n\t\t\t\t\t\t\t\t\t<p>CARAL es de todos \u00a1Aprendamos juntos sobre nuestro patrimonio cultural! <br \/>Completa los rompecabezas que hemos creado para ti.<\/p>\t\t\t\t\t\t\t\t<\/div>\n\t\t\t\t<\/div>\n\t\t\t\t<\/div>\n\t\t\t\t\t<\/div>\n\t\t\t\t<\/div>\n\t\t<div class=\"elementor-element elementor-element-5d5568c e-flex e-con-boxed e-con e-parent\" data-id=\"5d5568c\" data-element_type=\"container\" data-settings=\"{&quot;background_background&quot;:&quot;classic&quot;}\">\n\t\t\t\t\t<div class=\"e-con-inner\">\n\t\t\t\t<div class=\"elementor-element elementor-element-52159ca elementor-widget elementor-widget-image\" data-id=\"52159ca\" data-element_type=\"widget\" data-widget_type=\"image.default\">\n\t\t\t\t\t\t\t\t\t\t\t\t\t\t\t\t<a href=\"https:\/\/zonacaral.gob.pe\/en\">\n\t\t\t\t\t\t\t<img decoding=\"async\" width=\"1\" height=\"1\" src=\"https:\/\/zonacaral.gob.pe\/wp-content\/uploads\/2025\/12\/vector_caral.svg\" class=\"attachment-large size-large wp-image-1208\" alt=\"\" \/>\t\t\t\t\t\t\t\t<\/a>\n\t\t\t\t\t\t\t\t\t\t\t\t\t\t\t<\/div>\n\t\t<div class=\"elementor-element elementor-element-e5647fd e-con-full e-flex e-con e-child\" data-id=\"e5647fd\" data-element_type=\"container\">\n\t\t\t\t<div class=\"elementor-element elementor-element-c7712ce elementor-widget elementor-widget-heading\" data-id=\"c7712ce\" data-element_type=\"widget\" data-widget_type=\"heading.default\">\n\t\t\t\t\t<span class=\"elementor-heading-title elementor-size-default\"><a href=\"https:\/\/zonacaral.gob.pe\/en\">Inicio<\/a><\/span>\t\t\t\t<\/div>\n\t\t\t\t<div class=\"elementor-element elementor-element-0394bc4 elementor-view-default elementor-widget elementor-widget-icon\" data-id=\"0394bc4\" data-element_type=\"widget\" data-widget_type=\"icon.default\">\n\t\t\t\t\t\t\t<div class=\"elementor-icon-wrapper\">\n\t\t\t<div class=\"elementor-icon\">\n\t\t\t<svg aria-hidden=\"true\" class=\"e-font-icon-svg e-fas-angle-right\" viewbox=\"0 0 256 512\" xmlns=\"http:\/\/www.w3.org\/2000\/svg\"><path d=\"M224.3 273l-136 136c-9.4 9.4-24.6 9.4-33.9 0l-22.6-22.6c-9.4-9.4-9.4-24.6 0-33.9l96.4-96.4-96.4-96.4c-9.4-9.4-9.4-24.6 0-33.9L54.3 103c9.4-9.4 24.6-9.4 33.9 0l136 136c9.5 9.4 9.5 24.6.1 34z\"><\/path><\/svg>\t\t\t<\/div>\n\t\t<\/div>\n\t\t\t\t\t\t<\/div>\n\t\t\t\t<div class=\"elementor-element elementor-element-64c23b4 elementor-widget elementor-widget-heading\" data-id=\"64c23b4\" data-element_type=\"widget\" data-widget_type=\"heading.default\">\n\t\t\t\t\t<span class=\"elementor-heading-title elementor-size-default\"><a href=\"https:\/\/zonacaral.gob.pe\/en\/museo-caral-virtual\/\">Virtual Caral Museum<\/a><\/span>\t\t\t\t<\/div>\n\t\t\t\t<div class=\"elementor-element elementor-element-41a5e84 elementor-view-default elementor-widget elementor-widget-icon\" data-id=\"41a5e84\" data-element_type=\"widget\" data-widget_type=\"icon.default\">\n\t\t\t\t\t\t\t<div class=\"elementor-icon-wrapper\">\n\t\t\t<div class=\"elementor-icon\">\n\t\t\t<svg aria-hidden=\"true\" class=\"e-font-icon-svg e-fas-angle-right\" viewbox=\"0 0 256 512\" xmlns=\"http:\/\/www.w3.org\/2000\/svg\"><path d=\"M224.3 273l-136 136c-9.4 9.4-24.6 9.4-33.9 0l-22.6-22.6c-9.4-9.4-9.4-24.6 0-33.9l96.4-96.4-96.4-96.4c-9.4-9.4-9.4-24.6 0-33.9L54.3 103c9.4-9.4 24.6-9.4 33.9 0l136 136c9.5 9.4 9.5 24.6.1 34z\"><\/path><\/svg>\t\t\t<\/div>\n\t\t<\/div>\n\t\t\t\t\t\t<\/div>\n\t\t\t\t<div class=\"elementor-element elementor-element-eeb5a79 elementor-widget elementor-widget-heading\" data-id=\"eeb5a79\" data-element_type=\"widget\" data-widget_type=\"heading.default\">\n\t\t\t\t\t<span class=\"elementor-heading-title elementor-size-default\"><a href=\"https:\/\/zonacaral.gob.pe\/en\/museo-caral-virtual\/material-ludico\/\">Play material<\/a><\/span>\t\t\t\t<\/div>\n\t\t\t\t<div class=\"elementor-element elementor-element-430a1c2 elementor-view-default elementor-widget elementor-widget-icon\" data-id=\"430a1c2\" data-element_type=\"widget\" data-widget_type=\"icon.default\">\n\t\t\t\t\t\t\t<div class=\"elementor-icon-wrapper\">\n\t\t\t<div class=\"elementor-icon\">\n\t\t\t<svg aria-hidden=\"true\" class=\"e-font-icon-svg e-fas-angle-right\" viewbox=\"0 0 256 512\" xmlns=\"http:\/\/www.w3.org\/2000\/svg\"><path d=\"M224.3 273l-136 136c-9.4 9.4-24.6 9.4-33.9 0l-22.6-22.6c-9.4-9.4-9.4-24.6 0-33.9l96.4-96.4-96.4-96.4c-9.4-9.4-9.4-24.6 0-33.9L54.3 103c9.4-9.4 24.6-9.4 33.9 0l136 136c9.5 9.4 9.5 24.6.1 34z\"><\/path><\/svg>\t\t\t<\/div>\n\t\t<\/div>\n\t\t\t\t\t\t<\/div>\n\t\t\t\t<\/div>\n\t\t\t\t\t<\/div>\n\t\t\t\t<\/div>\n\t\t<div class=\"elementor-element elementor-element-4aaba04 e-flex e-con-boxed e-con e-parent\" data-id=\"4aaba04\" data-element_type=\"container\" data-settings=\"{&quot;background_background&quot;:&quot;classic&quot;}\">\n\t\t\t\t\t<div class=\"e-con-inner\">\n\t\t<div class=\"elementor-element elementor-element-2831583 e-con-full e-flex e-con e-child\" data-id=\"2831583\" data-element_type=\"container\">\n\t\t<div class=\"elementor-element elementor-element-f626a67 e-con-full e-flex e-con e-child\" data-id=\"f626a67\" data-element_type=\"container\">\n\t\t\t\t<div class=\"elementor-element elementor-element-617de17 elementor-widget elementor-widget-button\" data-id=\"617de17\" data-element_type=\"widget\" data-widget_type=\"button.default\">\n\t\t\t\t\t\t\t\t\t\t<a class=\"elementor-button elementor-size-sm\" role=\"button\">\n\t\t\t\t\t\t<span class=\"elementor-button-content-wrapper\">\n\t\t\t\t\t\t\t\t\t<span class=\"elementor-button-text\">Puzzle<\/span>\n\t\t\t\t\t<\/span>\n\t\t\t\t\t<\/a>\n\t\t\t\t\t\t\t\t<\/div>\n\t\t<div class=\"elementor-element elementor-element-43cd3e9 e-con-full e-flex e-con e-child\" data-id=\"43cd3e9\" data-element_type=\"container\" data-settings=\"{&quot;background_background&quot;:&quot;classic&quot;}\">\n\t\t<div class=\"elementor-element elementor-element-39aedb7 e-con-full e-flex e-con e-child\" data-id=\"39aedb7\" data-element_type=\"container\">\n\t\t\t\t<div class=\"elementor-element elementor-element-5a90e19 elementor-invisible elementor-widget elementor-widget-heading\" data-id=\"5a90e19\" data-element_type=\"widget\" data-settings=\"{&quot;_animation&quot;:&quot;fadeInLeft&quot;}\" data-widget_type=\"heading.default\">\n\t\t\t\t\t<h2 class=\"elementor-heading-title elementor-size-default\">Nivel 1 \/ 30 piezas<\/h2>\t\t\t\t<\/div>\n\t\t\t\t<div class=\"elementor-element elementor-element-99999d4 elementor-invisible elementor-widget elementor-widget-text-editor\" data-id=\"99999d4\" data-element_type=\"widget\" data-settings=\"{&quot;_animation&quot;:&quot;fadeInLeft&quot;}\" data-widget_type=\"text-editor.default\">\n\t\t\t\t\t\t\t\t\t<p>La Civilizaci\u00f3n Caral se desarroll\u00f3, hace 5000 a\u00f1os, en el valle de Supe, distrito de Supe, provincia de Barranca, regi\u00f3n Lima, \u00e1rea norcentral del Per\u00fa. Territorio en el que se han identificado ciudades, pueblos y aldeas, de diversa extensi\u00f3n y complejidad, distribuidos en ambas m\u00e1rgenes del r\u00edo Supe. La sociedad que forj\u00f3 la civilizaci\u00f3n m\u00e1s antigua de Am\u00e9rica, construy\u00f3 edificios p\u00fablicos, residencias de elites y conjuntos de viviendas.<\/p>\t\t\t\t\t\t\t\t<\/div>\n\t\t\t\t<\/div>\n\t\t\t\t<\/div>\n\t\t\t\t<\/div>\n\t\t\t\t<\/div>\n\t\t\t\t<div class=\"elementor-element elementor-element-aa371bc elementor-widget elementor-widget-html\" data-id=\"aa371bc\" data-element_type=\"widget\" data-widget_type=\"html.default\">\n\t\t\t\t\t<iframe style=\"width: 100%; height: 600px;\" src=\"https:\/\/www.jigsawplanet.com\/?rc=play&amp;pid=3577d261b40c&amp;view=iframe\" width=\"300\" height=\"150\" frameborder=\"0\" allowfullscreen=\"allowfullscreen\"><\/iframe>\t\t\t\t<\/div>\n\t\t<div class=\"elementor-element elementor-element-209bf59 e-con-full e-flex e-con e-child\" data-id=\"209bf59\" data-element_type=\"container\">\n\t\t<div class=\"elementor-element elementor-element-8c85b9e e-con-full e-flex e-con e-child\" data-id=\"8c85b9e\" data-element_type=\"container\">\n\t\t\t\t<div class=\"elementor-element elementor-element-af3eae0 elementor-widget elementor-widget-button\" data-id=\"af3eae0\" data-element_type=\"widget\" data-widget_type=\"button.default\">\n\t\t\t\t\t\t\t\t\t\t<a class=\"elementor-button elementor-size-sm\" role=\"button\">\n\t\t\t\t\t\t<span class=\"elementor-button-content-wrapper\">\n\t\t\t\t\t\t\t\t\t<span class=\"elementor-button-text\">Puzzle<\/span>\n\t\t\t\t\t<\/span>\n\t\t\t\t\t<\/a>\n\t\t\t\t\t\t\t\t<\/div>\n\t\t<div class=\"elementor-element elementor-element-34bd802 e-con-full e-flex e-con e-child\" data-id=\"34bd802\" data-element_type=\"container\" data-settings=\"{&quot;background_background&quot;:&quot;classic&quot;}\">\n\t\t<div class=\"elementor-element elementor-element-c08d58b e-con-full e-flex e-con e-child\" data-id=\"c08d58b\" data-element_type=\"container\">\n\t\t\t\t<div class=\"elementor-element elementor-element-9bf1d8d elementor-invisible elementor-widget elementor-widget-heading\" data-id=\"9bf1d8d\" data-element_type=\"widget\" data-settings=\"{&quot;_animation&quot;:&quot;fadeInLeft&quot;}\" data-widget_type=\"heading.default\">\n\t\t\t\t\t<h2 class=\"elementor-heading-title elementor-size-default\">Nivel 2 \/ 50 piezas<\/h2>\t\t\t\t<\/div>\n\t\t\t\t<div class=\"elementor-element elementor-element-9608ab9 elementor-invisible elementor-widget elementor-widget-text-editor\" data-id=\"9608ab9\" data-element_type=\"widget\" data-settings=\"{&quot;_animation&quot;:&quot;fadeInLeft&quot;}\" data-widget_type=\"text-editor.default\">\n\t\t\t\t\t\t\t\t\t<p>En la fotograf\u00eda: Edificio Piramidal la Galer\u00eda de la Ciudad Sagrada de Caral, Patrimonio Mundial.<\/p><p>Este es el tercer efificio m\u00e1s grande de la Ciudad Sagrada de Caral, era el primer edificio que ve\u00edan los que llegaban del valle, por su monumentalidad.<\/p>\t\t\t\t\t\t\t\t<\/div>\n\t\t\t\t<\/div>\n\t\t\t\t<\/div>\n\t\t\t\t<\/div>\n\t\t\t\t<\/div>\n\t\t\t\t<div class=\"elementor-element elementor-element-bb4e8e3 elementor-widget elementor-widget-html\" data-id=\"bb4e8e3\" data-element_type=\"widget\" data-widget_type=\"html.default\">\n\t\t\t\t\t<iframe src=\"https:\/\/www.jigsawplanet.com\/?rc=play&amp;pid=04343b9b8816&amp;view=iframe&amp;bgcolor=0x408080\" style=\"width:100%;height:600px\" frameborder=\"0\" allowfullscreen=\"\"><\/iframe>\t\t\t\t<\/div>\n\t\t<div class=\"elementor-element elementor-element-445ed1d e-con-full e-flex e-con e-child\" data-id=\"445ed1d\" data-element_type=\"container\">\n\t\t<div class=\"elementor-element elementor-element-1ae7efd e-con-full e-flex e-con e-child\" data-id=\"1ae7efd\" data-element_type=\"container\">\n\t\t\t\t<div class=\"elementor-element elementor-element-3966e6c elementor-widget elementor-widget-button\" data-id=\"3966e6c\" data-element_type=\"widget\" data-widget_type=\"button.default\">\n\t\t\t\t\t\t\t\t\t\t<a class=\"elementor-button elementor-size-sm\" role=\"button\">\n\t\t\t\t\t\t<span class=\"elementor-button-content-wrapper\">\n\t\t\t\t\t\t\t\t\t<span class=\"elementor-button-text\">Puzzle<\/span>\n\t\t\t\t\t<\/span>\n\t\t\t\t\t<\/a>\n\t\t\t\t\t\t\t\t<\/div>\n\t\t<div class=\"elementor-element elementor-element-8fe3675 e-con-full e-flex e-con e-child\" data-id=\"8fe3675\" data-element_type=\"container\" data-settings=\"{&quot;background_background&quot;:&quot;classic&quot;}\">\n\t\t<div class=\"elementor-element elementor-element-7b8b039 e-con-full e-flex e-con e-child\" data-id=\"7b8b039\" data-element_type=\"container\">\n\t\t\t\t<div class=\"elementor-element elementor-element-c87a627 elementor-invisible elementor-widget elementor-widget-heading\" data-id=\"c87a627\" data-element_type=\"widget\" data-settings=\"{&quot;_animation&quot;:&quot;fadeInLeft&quot;}\" data-widget_type=\"heading.default\">\n\t\t\t\t\t<h2 class=\"elementor-heading-title elementor-size-default\">Nivel 3 \/ 70 piezas<\/h2>\t\t\t\t<\/div>\n\t\t\t\t<div class=\"elementor-element elementor-element-6967dbb elementor-invisible elementor-widget elementor-widget-text-editor\" data-id=\"6967dbb\" data-element_type=\"widget\" data-settings=\"{&quot;_animation&quot;:&quot;fadeInLeft&quot;}\" data-widget_type=\"text-editor.default\">\n\t\t\t\t\t\t\t\t\t<p>En la fotograf\u00eda: Templo del Anfiteatro de la Ciudad Sagrada de Caral, Patrimonio Mundial.\u2028<\/p><p>La funci\u00f3n de este edificio monumental fue social y religioso. Las evedencias nos muestran que ellos acompa\u00f1aron con m\u00fasica los eventos que realizaban en la plaza circular hundida. Las asctividades en el Templo del anfiteatrofueron muy importantes. Esta Ciudad es un ejemplo hasta nuestros d\u00edas, por el uso de la tecnolog\u00eda sismoresistentes, all\u00ed, en todas sus edificaciones se reutilizaba los materiales y se viv\u00eda en armon\u00eda con la naturaleza.<\/p>\t\t\t\t\t\t\t\t<\/div>\n\t\t\t\t<\/div>\n\t\t\t\t<\/div>\n\t\t\t\t<\/div>\n\t\t\t\t<\/div>\n\t\t\t\t<div class=\"elementor-element elementor-element-41ba792 elementor-widget elementor-widget-html\" data-id=\"41ba792\" data-element_type=\"widget\" data-widget_type=\"html.default\">\n\t\t\t\t\t<iframe src=\"https:\/\/www.jigsawplanet.com\/?rc=play&amp;pid=23797111d0a5&amp;view=iframe&amp;bgcolor=0x408080\" style=\"width:100%;height:600px\" frameborder=\"0\" allowfullscreen=\"\"><\/iframe>\t\t\t\t<\/div>\n\t\t\t\t\t<\/div>\n\t\t\t\t<\/div>\n\t\t\t\t<\/div>","protected":false},"excerpt":{"rendered":"<p>CARAL es de todos \u00a1Aprendamos juntos sobre nuestro patrimonio cultural! Completa los rompecabezas que hemos creado para ti. Inicio Museo [&hellip;]<\/p>","protected":false},"author":1,"featured_media":0,"parent":1431,"menu_order":0,"comment_status":"closed","ping_status":"closed","template":"","meta":{"_acf_changed":false,"site-sidebar-layout":"no-sidebar","site-content-layout":"","ast-site-content-layout":"full-width-container","site-content-style":"default","site-sidebar-style":"default","ast-global-header-display":"","ast-banner-title-visibility":"","ast-main-header-display":"","ast-hfb-above-header-display":"","ast-hfb-below-header-display":"","ast-hfb-mobile-header-display":"","site-post-title":"","ast-breadcrumbs-content":"","ast-featured-img":"disabled","footer-sml-layout":"","ast-disable-related-posts":"","theme-transparent-header-meta":"","adv-header-id-meta":"","stick-header-meta":"","header-above-stick-meta":"","header-main-stick-meta":"","header-below-stick-meta":"","astra-migrate-meta-layouts":"default","ast-page-background-enabled":"default","ast-page-background-meta":{"desktop":{"background-color":"var(--ast-global-color-5)","background-image":"","background-repeat":"repeat","background-position":"center center","background-size":"auto","background-attachment":"scroll","background-type":"","background-media":"","overlay-type":"","overlay-color":"","overlay-opacity":"","overlay-gradient":""},"tablet":{"background-color":"","background-image":"","background-repeat":"repeat","background-position":"center center","background-size":"auto","background-attachment":"scroll","background-type":"","background-media":"","overlay-type":"","overlay-color":"","overlay-opacity":"","overlay-gradient":""},"mobile":{"background-color":"","background-image":"","background-repeat":"repeat","background-position":"center center","background-size":"auto","background-attachment":"scroll","background-type":"","background-media":"","overlay-type":"","overlay-color":"","overlay-opacity":"","overlay-gradient":""}},"ast-content-background-meta":{"desktop":{"background-color":"var(--ast-global-color-4)","background-image":"","background-repeat":"repeat","background-position":"center center","background-size":"auto","background-attachment":"scroll","background-type":"","background-media":"","overlay-type":"","overlay-color":"","overlay-opacity":"","overlay-gradient":""},"tablet":{"background-color":"var(--ast-global-color-4)","background-image":"","background-repeat":"repeat","background-position":"center center","background-size":"auto","background-attachment":"scroll","background-type":"","background-media":"","overlay-type":"","overlay-color":"","overlay-opacity":"","overlay-gradient":""},"mobile":{"background-color":"var(--ast-global-color-4)","background-image":"","background-repeat":"repeat","background-position":"center center","background-size":"auto","background-attachment":"scroll","background-type":"","background-media":"","overlay-type":"","overlay-color":"","overlay-opacity":"","overlay-gradient":""}},"footnotes":""},"class_list":["post-1443","page","type-page","status-publish","hentry"],"acf":[],"yoast_head":"<!-- This site is optimized with the Yoast SEO plugin v27.2 - https:\/\/yoast.com\/product\/yoast-seo-wordpress\/ -->\n<title>Rompecabezas - Zona Caral<\/title>\n<meta name=\"robots\" content=\"index, follow, max-snippet:-1, max-image-preview:large, max-video-preview:-1\" \/>\n<link rel=\"canonical\" href=\"https:\/\/zonacaral.gob.pe\/en\/museo-caral-virtual\/material-ludico\/rompecabezas\/\" \/>\n<meta property=\"og:locale\" content=\"en_US\" \/>\n<meta property=\"og:type\" content=\"article\" \/>\n<meta property=\"og:title\" content=\"Rompecabezas - Zona Caral\" \/>\n<meta property=\"og:description\" content=\"CARAL es de todos \u00a1Aprendamos juntos sobre nuestro patrimonio cultural! Completa los rompecabezas que hemos creado para ti. Inicio Museo [&hellip;]\" \/>\n<meta property=\"og:url\" content=\"https:\/\/zonacaral.gob.pe\/en\/museo-caral-virtual\/material-ludico\/rompecabezas\/\" \/>\n<meta property=\"og:site_name\" content=\"Zona Caral\" \/>\n<meta property=\"article:modified_time\" content=\"2026-03-04T06:55:47+00:00\" \/>\n<meta property=\"og:image\" content=\"https:\/\/zonacaral.gob.pe\/wp-content\/uploads\/2025\/12\/04bea59d266468a1ec868be4d4fecc24f9f0cfa5.png\" \/>\n<meta name=\"twitter:card\" content=\"summary_large_image\" \/>\n<meta name=\"twitter:label1\" content=\"Est. reading time\" \/>\n\t<meta name=\"twitter:data1\" content=\"2 minutes\" \/>\n<script type=\"application\/ld+json\" class=\"yoast-schema-graph\">{\"@context\":\"https:\/\/schema.org\",\"@graph\":[{\"@type\":\"WebPage\",\"@id\":\"https:\/\/zonacaral.gob.pe\/museo-caral-virtual\/material-ludico\/rompecabezas\/\",\"url\":\"https:\/\/zonacaral.gob.pe\/museo-caral-virtual\/material-ludico\/rompecabezas\/\",\"name\":\"Rompecabezas - Zona Caral\",\"isPartOf\":{\"@id\":\"https:\/\/zonacaral.gob.pe\/es\/#website\"},\"primaryImageOfPage\":{\"@id\":\"https:\/\/zonacaral.gob.pe\/museo-caral-virtual\/material-ludico\/rompecabezas\/#primaryimage\"},\"image\":{\"@id\":\"https:\/\/zonacaral.gob.pe\/museo-caral-virtual\/material-ludico\/rompecabezas\/#primaryimage\"},\"thumbnailUrl\":\"https:\/\/zonacaral.gob.pe\/wp-content\/uploads\/2025\/12\/04bea59d266468a1ec868be4d4fecc24f9f0cfa5.png\",\"datePublished\":\"2025-12-12T06:43:51+00:00\",\"dateModified\":\"2026-03-04T06:55:47+00:00\",\"breadcrumb\":{\"@id\":\"https:\/\/zonacaral.gob.pe\/museo-caral-virtual\/material-ludico\/rompecabezas\/#breadcrumb\"},\"inLanguage\":\"en-US\",\"potentialAction\":[{\"@type\":\"ReadAction\",\"target\":[\"https:\/\/zonacaral.gob.pe\/museo-caral-virtual\/material-ludico\/rompecabezas\/\"]}]},{\"@type\":\"ImageObject\",\"inLanguage\":\"en-US\",\"@id\":\"https:\/\/zonacaral.gob.pe\/museo-caral-virtual\/material-ludico\/rompecabezas\/#primaryimage\",\"url\":\"https:\/\/zonacaral.gob.pe\/wp-content\/uploads\/2025\/12\/04bea59d266468a1ec868be4d4fecc24f9f0cfa5.png\",\"contentUrl\":\"https:\/\/zonacaral.gob.pe\/wp-content\/uploads\/2025\/12\/04bea59d266468a1ec868be4d4fecc24f9f0cfa5.png\"},{\"@type\":\"BreadcrumbList\",\"@id\":\"https:\/\/zonacaral.gob.pe\/museo-caral-virtual\/material-ludico\/rompecabezas\/#breadcrumb\",\"itemListElement\":[{\"@type\":\"ListItem\",\"position\":1,\"name\":\"Portada\",\"item\":\"https:\/\/zonacaral.gob.pe\/\"},{\"@type\":\"ListItem\",\"position\":2,\"name\":\"Museo Caral Virtual\",\"item\":\"http:\/\/zonacaral.gob.pe\/es\/museo-caral-virtual\/\"},{\"@type\":\"ListItem\",\"position\":3,\"name\":\"Material l\u00fadico\",\"item\":\"http:\/\/zonacaral.gob.pe\/es\/museo-caral-virtual\/material-ludico\/\"},{\"@type\":\"ListItem\",\"position\":4,\"name\":\"Rompecabezas\"}]},{\"@type\":\"WebSite\",\"@id\":\"https:\/\/zonacaral.gob.pe\/es\/#website\",\"url\":\"https:\/\/zonacaral.gob.pe\/es\/\",\"name\":\"Zona Caral\",\"description\":\"Investigamos, conservamos y difundimos el patrimonio cultural de la Civilizaci\u00f3n Caral, la m\u00e1s antigua de Am\u00e9rica.\",\"potentialAction\":[{\"@type\":\"SearchAction\",\"target\":{\"@type\":\"EntryPoint\",\"urlTemplate\":\"https:\/\/zonacaral.gob.pe\/es\/?s={search_term_string}\"},\"query-input\":{\"@type\":\"PropertyValueSpecification\",\"valueRequired\":true,\"valueName\":\"search_term_string\"}}],\"inLanguage\":\"en-US\"}]}<\/script>\n<!-- \/ Yoast SEO plugin. -->","yoast_head_json":{"title":"Rompecabezas - Zona Caral","robots":{"index":"index","follow":"follow","max-snippet":"max-snippet:-1","max-image-preview":"max-image-preview:large","max-video-preview":"max-video-preview:-1"},"canonical":"https:\/\/zonacaral.gob.pe\/en\/museo-caral-virtual\/material-ludico\/rompecabezas\/","og_locale":"en_US","og_type":"article","og_title":"Rompecabezas - Zona Caral","og_description":"CARAL es de todos \u00a1Aprendamos juntos sobre nuestro patrimonio cultural! Completa los rompecabezas que hemos creado para ti. Inicio Museo [&hellip;]","og_url":"https:\/\/zonacaral.gob.pe\/en\/museo-caral-virtual\/material-ludico\/rompecabezas\/","og_site_name":"Zona Caral","article_modified_time":"2026-03-04T06:55:47+00:00","og_image":[{"url":"https:\/\/zonacaral.gob.pe\/wp-content\/uploads\/2025\/12\/04bea59d266468a1ec868be4d4fecc24f9f0cfa5.png","type":"","width":"","height":""}],"twitter_card":"summary_large_image","twitter_misc":{"Est. reading time":"2 minutes"},"schema":{"@context":"https:\/\/schema.org","@graph":[{"@type":"WebPage","@id":"https:\/\/zonacaral.gob.pe\/museo-caral-virtual\/material-ludico\/rompecabezas\/","url":"https:\/\/zonacaral.gob.pe\/museo-caral-virtual\/material-ludico\/rompecabezas\/","name":"Rompecabezas - Zona Caral","isPartOf":{"@id":"https:\/\/zonacaral.gob.pe\/es\/#website"},"primaryImageOfPage":{"@id":"https:\/\/zonacaral.gob.pe\/museo-caral-virtual\/material-ludico\/rompecabezas\/#primaryimage"},"image":{"@id":"https:\/\/zonacaral.gob.pe\/museo-caral-virtual\/material-ludico\/rompecabezas\/#primaryimage"},"thumbnailUrl":"https:\/\/zonacaral.gob.pe\/wp-content\/uploads\/2025\/12\/04bea59d266468a1ec868be4d4fecc24f9f0cfa5.png","datePublished":"2025-12-12T06:43:51+00:00","dateModified":"2026-03-04T06:55:47+00:00","breadcrumb":{"@id":"https:\/\/zonacaral.gob.pe\/museo-caral-virtual\/material-ludico\/rompecabezas\/#breadcrumb"},"inLanguage":"en-US","potentialAction":[{"@type":"ReadAction","target":["https:\/\/zonacaral.gob.pe\/museo-caral-virtual\/material-ludico\/rompecabezas\/"]}]},{"@type":"ImageObject","inLanguage":"en-US","@id":"https:\/\/zonacaral.gob.pe\/museo-caral-virtual\/material-ludico\/rompecabezas\/#primaryimage","url":"https:\/\/zonacaral.gob.pe\/wp-content\/uploads\/2025\/12\/04bea59d266468a1ec868be4d4fecc24f9f0cfa5.png","contentUrl":"https:\/\/zonacaral.gob.pe\/wp-content\/uploads\/2025\/12\/04bea59d266468a1ec868be4d4fecc24f9f0cfa5.png"},{"@type":"BreadcrumbList","@id":"https:\/\/zonacaral.gob.pe\/museo-caral-virtual\/material-ludico\/rompecabezas\/#breadcrumb","itemListElement":[{"@type":"ListItem","position":1,"name":"Portada","item":"https:\/\/zonacaral.gob.pe\/"},{"@type":"ListItem","position":2,"name":"Museo Caral Virtual","item":"http:\/\/zonacaral.gob.pe\/es\/museo-caral-virtual\/"},{"@type":"ListItem","position":3,"name":"Material l\u00fadico","item":"http:\/\/zonacaral.gob.pe\/es\/museo-caral-virtual\/material-ludico\/"},{"@type":"ListItem","position":4,"name":"Rompecabezas"}]},{"@type":"WebSite","@id":"https:\/\/zonacaral.gob.pe\/es\/#website","url":"https:\/\/zonacaral.gob.pe\/es\/","name":"Zona Caral","description":"Investigamos, conservamos y difundimos el patrimonio cultural de la Civilizaci\u00f3n Caral, la m\u00e1s antigua de Am\u00e9rica.","potentialAction":[{"@type":"SearchAction","target":{"@type":"EntryPoint","urlTemplate":"https:\/\/zonacaral.gob.pe\/es\/?s={search_term_string}"},"query-input":{"@type":"PropertyValueSpecification","valueRequired":true,"valueName":"search_term_string"}}],"inLanguage":"en-US"}]}},"_links":{"self":[{"href":"https:\/\/zonacaral.gob.pe\/en\/wp-json\/wp\/v2\/pages\/1443","targetHints":{"allow":["GET"]}}],"collection":[{"href":"https:\/\/zonacaral.gob.pe\/en\/wp-json\/wp\/v2\/pages"}],"about":[{"href":"https:\/\/zonacaral.gob.pe\/en\/wp-json\/wp\/v2\/types\/page"}],"author":[{"embeddable":true,"href":"https:\/\/zonacaral.gob.pe\/en\/wp-json\/wp\/v2\/users\/1"}],"replies":[{"embeddable":true,"href":"https:\/\/zonacaral.gob.pe\/en\/wp-json\/wp\/v2\/comments?post=1443"}],"version-history":[{"count":66,"href":"https:\/\/zonacaral.gob.pe\/en\/wp-json\/wp\/v2\/pages\/1443\/revisions"}],"predecessor-version":[{"id":23777,"href":"https:\/\/zonacaral.gob.pe\/en\/wp-json\/wp\/v2\/pages\/1443\/revisions\/23777"}],"up":[{"embeddable":true,"href":"https:\/\/zonacaral.gob.pe\/en\/wp-json\/wp\/v2\/pages\/1431"}],"wp:attachment":[{"href":"https:\/\/zonacaral.gob.pe\/en\/wp-json\/wp\/v2\/media?parent=1443"}],"curies":[{"name":"wp","href":"https:\/\/api.w.org\/{rel}","templated":true}]}}