{"id":23133,"date":"2026-02-10T02:28:15","date_gmt":"2026-02-10T02:28:15","guid":{"rendered":"https:\/\/zonacaral.gob.pe\/?post_type=product&#038;p=23133"},"modified":"2026-02-10T02:37:35","modified_gmt":"2026-02-10T02:37:35","slug":"vichama-historia-recuperada-de-vichama-ciudad-agropesquera-de-vegueta-huaura-el-agua-y-el-simbolismo-4000-anos-de-tradicion","status":"publish","type":"product","link":"https:\/\/zonacaral.gob.pe\/en\/producto\/vichama-historia-recuperada-de-vichama-ciudad-agropesquera-de-vegueta-huaura-el-agua-y-el-simbolismo-4000-anos-de-tradicion\/","title":{"rendered":"Vichama, Historia recuperada de Vichama, Ciudad Agropesquera de V\u00e9gueta, Huaura: El agua y el simbol\u00edsmo, 4000 a\u00f1os de tradici\u00f3n."},"content":{"rendered":"","protected":false},"excerpt":{"rendered":"","protected":false},"featured_media":23134,"comment_status":"open","ping_status":"closed","template":"","meta":{"_acf_changed":false,"site-sidebar-layout":"no-sidebar","site-content-layout":"","ast-site-content-layout":"full-width-container","site-content-style":"default","site-sidebar-style":"default","ast-global-header-display":"","ast-banner-title-visibility":"","ast-main-header-display":"","ast-hfb-above-header-display":"","ast-hfb-below-header-display":"","ast-hfb-mobile-header-display":"","site-post-title":"","ast-breadcrumbs-content":"","ast-featured-img":"disabled","footer-sml-layout":"","ast-disable-related-posts":"","theme-transparent-header-meta":"default","adv-header-id-meta":"","stick-header-meta":"","header-above-stick-meta":"","header-main-stick-meta":"","header-below-stick-meta":"","astra-migrate-meta-layouts":"set","ast-page-background-enabled":"default","ast-page-background-meta":{"desktop":{"background-color":"var(--ast-global-color-5)","background-image":"","background-repeat":"repeat","background-position":"center center","background-size":"auto","background-attachment":"scroll","background-type":"","background-media":"","overlay-type":"","overlay-color":"","overlay-opacity":"","overlay-gradient":""},"tablet":{"background-color":"","background-image":"","background-repeat":"repeat","background-position":"center center","background-size":"auto","background-attachment":"scroll","background-type":"","background-media":"","overlay-type":"","overlay-color":"","overlay-opacity":"","overlay-gradient":""},"mobile":{"background-color":"","background-image":"","background-repeat":"repeat","background-position":"center center","background-size":"auto","background-attachment":"scroll","background-type":"","background-media":"","overlay-type":"","overlay-color":"","overlay-opacity":"","overlay-gradient":""}},"ast-content-background-meta":{"desktop":{"background-color":"var(--ast-global-color-4)","background-image":"","background-repeat":"repeat","background-position":"center center","background-size":"auto","background-attachment":"scroll","background-type":"","background-media":"","overlay-type":"","overlay-color":"","overlay-opacity":"","overlay-gradient":""},"tablet":{"background-color":"var(--ast-global-color-4)","background-image":"","background-repeat":"repeat","background-position":"center center","background-size":"auto","background-attachment":"scroll","background-type":"","background-media":"","overlay-type":"","overlay-color":"","overlay-opacity":"","overlay-gradient":""},"mobile":{"background-color":"var(--ast-global-color-4)","background-image":"","background-repeat":"repeat","background-position":"center center","background-size":"auto","background-attachment":"scroll","background-type":"","background-media":"","overlay-type":"","overlay-color":"","overlay-opacity":"","overlay-gradient":""}}},"product_brand":[],"product_cat":[29],"product_tag":[213],"class_list":{"0":"post-23133","1":"product","2":"type-product","3":"status-publish","4":"has-post-thumbnail","6":"product_cat-publicaciones","7":"product_tag-solicitar-copia","8":"desktop-align-left","9":"tablet-align-left","10":"mobile-align-left","12":"first","13":"instock","14":"shipping-taxable","15":"purchasable","16":"product-type-simple"},"acf":{"editorial":"Zona Arqueol\u00f3gica Caral","autores":"<ul>\r\n \t<li>Ruth Shady<\/li>\r\n \t<li>Edna Quispe<\/li>\r\n \t<li>Pedro Novoa<\/li>\r\n \t<li>Marco Machacuay<\/li>\r\n<\/ul>","ano_de_edicion":"2013","tipo_de_producto":"Libro ilustrado","idioma":"Espa\u00f1ol","numero_de_paginas":"48 a colores","isbn":"","archivo_de_descarga":23135,"enlace_a_libro_digital":"https:\/\/zonacaral.gob.pe\/wp-content\/uploads\/2026\/02\/vichama-ciudad-agropesquera-de-vegueta-huaura-el-agua-y-el-simbolismo-andino.pdf"},"yoast_head":"<!-- This site is optimized with the Yoast SEO plugin v27.2 - https:\/\/yoast.com\/product\/yoast-seo-wordpress\/ -->\n<title>Vichama, Historia recuperada de Vichama, Ciudad Agropesquera de V\u00e9gueta, Huaura: El agua y el simbol\u00edsmo, 4000 a\u00f1os de tradici\u00f3n. - Zona Caral<\/title>\n<meta name=\"robots\" content=\"index, follow, max-snippet:-1, max-image-preview:large, max-video-preview:-1\" \/>\n<link rel=\"canonical\" href=\"https:\/\/zonacaral.gob.pe\/en\/producto\/vichama-historia-recuperada-de-vichama-ciudad-agropesquera-de-vegueta-huaura-el-agua-y-el-simbolismo-4000-anos-de-tradicion\/\" \/>\n<meta property=\"og:locale\" content=\"en_US\" \/>\n<meta property=\"og:type\" content=\"article\" \/>\n<meta property=\"og:title\" content=\"Vichama, Historia recuperada de Vichama, Ciudad Agropesquera de V\u00e9gueta, Huaura: El agua y el simbol\u00edsmo, 4000 a\u00f1os de tradici\u00f3n. - Zona Caral\" \/>\n<meta property=\"og:url\" content=\"https:\/\/zonacaral.gob.pe\/en\/producto\/vichama-historia-recuperada-de-vichama-ciudad-agropesquera-de-vegueta-huaura-el-agua-y-el-simbolismo-4000-anos-de-tradicion\/\" \/>\n<meta property=\"og:site_name\" content=\"Zona Caral\" \/>\n<meta property=\"article:modified_time\" content=\"2026-02-10T02:37:35+00:00\" \/>\n<meta property=\"og:image\" content=\"https:\/\/zonacaral.gob.pe\/wp-content\/uploads\/2026\/02\/vichama_4000_anos_de_tradicion.jpg\" \/>\n\t<meta property=\"og:image:width\" content=\"430\" \/>\n\t<meta property=\"og:image:height\" content=\"533\" \/>\n\t<meta property=\"og:image:type\" content=\"image\/jpeg\" \/>\n<meta name=\"twitter:card\" content=\"summary_large_image\" \/>\n<meta name=\"twitter:label1\" content=\"Est. reading time\" \/>\n\t<meta name=\"twitter:data1\" content=\"1 minute\" \/>\n<script type=\"application\/ld+json\" class=\"yoast-schema-graph\">{\"@context\":\"https:\/\/schema.org\",\"@graph\":[{\"@type\":\"WebPage\",\"@id\":\"https:\/\/zonacaral.gob.pe\/es\/producto\/vichama-historia-recuperada-de-vichama-ciudad-agropesquera-de-vegueta-huaura-el-agua-y-el-simbolismo-4000-anos-de-tradicion\/\",\"url\":\"https:\/\/zonacaral.gob.pe\/es\/producto\/vichama-historia-recuperada-de-vichama-ciudad-agropesquera-de-vegueta-huaura-el-agua-y-el-simbolismo-4000-anos-de-tradicion\/\",\"name\":\"Vichama, Historia recuperada de Vichama, Ciudad Agropesquera de V\u00e9gueta, Huaura: El agua y el simbol\u00edsmo, 4000 a\u00f1os de tradici\u00f3n. - Zona Caral\",\"isPartOf\":{\"@id\":\"https:\/\/zonacaral.gob.pe\/es\/#website\"},\"primaryImageOfPage\":{\"@id\":\"https:\/\/zonacaral.gob.pe\/es\/producto\/vichama-historia-recuperada-de-vichama-ciudad-agropesquera-de-vegueta-huaura-el-agua-y-el-simbolismo-4000-anos-de-tradicion\/#primaryimage\"},\"image\":{\"@id\":\"https:\/\/zonacaral.gob.pe\/es\/producto\/vichama-historia-recuperada-de-vichama-ciudad-agropesquera-de-vegueta-huaura-el-agua-y-el-simbolismo-4000-anos-de-tradicion\/#primaryimage\"},\"thumbnailUrl\":\"https:\/\/zonacaral.gob.pe\/wp-content\/uploads\/2026\/02\/vichama_4000_anos_de_tradicion.jpg\",\"datePublished\":\"2026-02-10T02:28:15+00:00\",\"dateModified\":\"2026-02-10T02:37:35+00:00\",\"breadcrumb\":{\"@id\":\"https:\/\/zonacaral.gob.pe\/es\/producto\/vichama-historia-recuperada-de-vichama-ciudad-agropesquera-de-vegueta-huaura-el-agua-y-el-simbolismo-4000-anos-de-tradicion\/#breadcrumb\"},\"inLanguage\":\"en-US\",\"potentialAction\":[{\"@type\":\"ReadAction\",\"target\":[\"https:\/\/zonacaral.gob.pe\/es\/producto\/vichama-historia-recuperada-de-vichama-ciudad-agropesquera-de-vegueta-huaura-el-agua-y-el-simbolismo-4000-anos-de-tradicion\/\"]}]},{\"@type\":\"ImageObject\",\"inLanguage\":\"en-US\",\"@id\":\"https:\/\/zonacaral.gob.pe\/es\/producto\/vichama-historia-recuperada-de-vichama-ciudad-agropesquera-de-vegueta-huaura-el-agua-y-el-simbolismo-4000-anos-de-tradicion\/#primaryimage\",\"url\":\"https:\/\/zonacaral.gob.pe\/wp-content\/uploads\/2026\/02\/vichama_4000_anos_de_tradicion.jpg\",\"contentUrl\":\"https:\/\/zonacaral.gob.pe\/wp-content\/uploads\/2026\/02\/vichama_4000_anos_de_tradicion.jpg\",\"width\":430,\"height\":533},{\"@type\":\"BreadcrumbList\",\"@id\":\"https:\/\/zonacaral.gob.pe\/es\/producto\/vichama-historia-recuperada-de-vichama-ciudad-agropesquera-de-vegueta-huaura-el-agua-y-el-simbolismo-4000-anos-de-tradicion\/#breadcrumb\",\"itemListElement\":[{\"@type\":\"ListItem\",\"position\":1,\"name\":\"Portada\",\"item\":\"https:\/\/zonacaral.gob.pe\/\"},{\"@type\":\"ListItem\",\"position\":2,\"name\":\"Tienda\",\"item\":\"https:\/\/zonacaral.gob.pe\/es\/tienda\/\"},{\"@type\":\"ListItem\",\"position\":3,\"name\":\"Vichama, Historia recuperada de Vichama, Ciudad Agropesquera de V\u00e9gueta, Huaura: El agua y el simbol\u00edsmo, 4000 a\u00f1os de tradici\u00f3n.\"}]},{\"@type\":\"WebSite\",\"@id\":\"https:\/\/zonacaral.gob.pe\/es\/#website\",\"url\":\"https:\/\/zonacaral.gob.pe\/es\/\",\"name\":\"Zona Caral\",\"description\":\"Investigamos, conservamos y difundimos el patrimonio cultural de la Civilizaci\u00f3n Caral, la m\u00e1s antigua de Am\u00e9rica.\",\"potentialAction\":[{\"@type\":\"SearchAction\",\"target\":{\"@type\":\"EntryPoint\",\"urlTemplate\":\"https:\/\/zonacaral.gob.pe\/es\/?s={search_term_string}\"},\"query-input\":{\"@type\":\"PropertyValueSpecification\",\"valueRequired\":true,\"valueName\":\"search_term_string\"}}],\"inLanguage\":\"en-US\"}]}<\/script>\n<!-- \/ Yoast SEO plugin. -->","yoast_head_json":{"title":"Vichama, Historia recuperada de Vichama, Ciudad Agropesquera de V\u00e9gueta, Huaura: El agua y el simbol\u00edsmo, 4000 a\u00f1os de tradici\u00f3n. - Zona Caral","robots":{"index":"index","follow":"follow","max-snippet":"max-snippet:-1","max-image-preview":"max-image-preview:large","max-video-preview":"max-video-preview:-1"},"canonical":"https:\/\/zonacaral.gob.pe\/en\/producto\/vichama-historia-recuperada-de-vichama-ciudad-agropesquera-de-vegueta-huaura-el-agua-y-el-simbolismo-4000-anos-de-tradicion\/","og_locale":"en_US","og_type":"article","og_title":"Vichama, Historia recuperada de Vichama, Ciudad Agropesquera de V\u00e9gueta, Huaura: El agua y el simbol\u00edsmo, 4000 a\u00f1os de tradici\u00f3n. - Zona Caral","og_url":"https:\/\/zonacaral.gob.pe\/en\/producto\/vichama-historia-recuperada-de-vichama-ciudad-agropesquera-de-vegueta-huaura-el-agua-y-el-simbolismo-4000-anos-de-tradicion\/","og_site_name":"Zona Caral","article_modified_time":"2026-02-10T02:37:35+00:00","og_image":[{"width":430,"height":533,"url":"https:\/\/zonacaral.gob.pe\/wp-content\/uploads\/2026\/02\/vichama_4000_anos_de_tradicion.jpg","type":"image\/jpeg"}],"twitter_card":"summary_large_image","twitter_misc":{"Est. reading time":"1 minute"},"schema":{"@context":"https:\/\/schema.org","@graph":[{"@type":"WebPage","@id":"https:\/\/zonacaral.gob.pe\/es\/producto\/vichama-historia-recuperada-de-vichama-ciudad-agropesquera-de-vegueta-huaura-el-agua-y-el-simbolismo-4000-anos-de-tradicion\/","url":"https:\/\/zonacaral.gob.pe\/es\/producto\/vichama-historia-recuperada-de-vichama-ciudad-agropesquera-de-vegueta-huaura-el-agua-y-el-simbolismo-4000-anos-de-tradicion\/","name":"Vichama, Historia recuperada de Vichama, Ciudad Agropesquera de V\u00e9gueta, Huaura: El agua y el simbol\u00edsmo, 4000 a\u00f1os de tradici\u00f3n. - Zona Caral","isPartOf":{"@id":"https:\/\/zonacaral.gob.pe\/es\/#website"},"primaryImageOfPage":{"@id":"https:\/\/zonacaral.gob.pe\/es\/producto\/vichama-historia-recuperada-de-vichama-ciudad-agropesquera-de-vegueta-huaura-el-agua-y-el-simbolismo-4000-anos-de-tradicion\/#primaryimage"},"image":{"@id":"https:\/\/zonacaral.gob.pe\/es\/producto\/vichama-historia-recuperada-de-vichama-ciudad-agropesquera-de-vegueta-huaura-el-agua-y-el-simbolismo-4000-anos-de-tradicion\/#primaryimage"},"thumbnailUrl":"https:\/\/zonacaral.gob.pe\/wp-content\/uploads\/2026\/02\/vichama_4000_anos_de_tradicion.jpg","datePublished":"2026-02-10T02:28:15+00:00","dateModified":"2026-02-10T02:37:35+00:00","breadcrumb":{"@id":"https:\/\/zonacaral.gob.pe\/es\/producto\/vichama-historia-recuperada-de-vichama-ciudad-agropesquera-de-vegueta-huaura-el-agua-y-el-simbolismo-4000-anos-de-tradicion\/#breadcrumb"},"inLanguage":"en-US","potentialAction":[{"@type":"ReadAction","target":["https:\/\/zonacaral.gob.pe\/es\/producto\/vichama-historia-recuperada-de-vichama-ciudad-agropesquera-de-vegueta-huaura-el-agua-y-el-simbolismo-4000-anos-de-tradicion\/"]}]},{"@type":"ImageObject","inLanguage":"en-US","@id":"https:\/\/zonacaral.gob.pe\/es\/producto\/vichama-historia-recuperada-de-vichama-ciudad-agropesquera-de-vegueta-huaura-el-agua-y-el-simbolismo-4000-anos-de-tradicion\/#primaryimage","url":"https:\/\/zonacaral.gob.pe\/wp-content\/uploads\/2026\/02\/vichama_4000_anos_de_tradicion.jpg","contentUrl":"https:\/\/zonacaral.gob.pe\/wp-content\/uploads\/2026\/02\/vichama_4000_anos_de_tradicion.jpg","width":430,"height":533},{"@type":"BreadcrumbList","@id":"https:\/\/zonacaral.gob.pe\/es\/producto\/vichama-historia-recuperada-de-vichama-ciudad-agropesquera-de-vegueta-huaura-el-agua-y-el-simbolismo-4000-anos-de-tradicion\/#breadcrumb","itemListElement":[{"@type":"ListItem","position":1,"name":"Portada","item":"https:\/\/zonacaral.gob.pe\/"},{"@type":"ListItem","position":2,"name":"Tienda","item":"https:\/\/zonacaral.gob.pe\/es\/tienda\/"},{"@type":"ListItem","position":3,"name":"Vichama, Historia recuperada de Vichama, Ciudad Agropesquera de V\u00e9gueta, Huaura: El agua y el simbol\u00edsmo, 4000 a\u00f1os de tradici\u00f3n."}]},{"@type":"WebSite","@id":"https:\/\/zonacaral.gob.pe\/es\/#website","url":"https:\/\/zonacaral.gob.pe\/es\/","name":"Zona Caral","description":"Investigamos, conservamos y difundimos el patrimonio cultural de la Civilizaci\u00f3n Caral, la m\u00e1s antigua de Am\u00e9rica.","potentialAction":[{"@type":"SearchAction","target":{"@type":"EntryPoint","urlTemplate":"https:\/\/zonacaral.gob.pe\/es\/?s={search_term_string}"},"query-input":{"@type":"PropertyValueSpecification","valueRequired":true,"valueName":"search_term_string"}}],"inLanguage":"en-US"}]}},"_links":{"self":[{"href":"https:\/\/zonacaral.gob.pe\/en\/wp-json\/wp\/v2\/product\/23133","targetHints":{"allow":["GET"]}}],"collection":[{"href":"https:\/\/zonacaral.gob.pe\/en\/wp-json\/wp\/v2\/product"}],"about":[{"href":"https:\/\/zonacaral.gob.pe\/en\/wp-json\/wp\/v2\/types\/product"}],"replies":[{"embeddable":true,"href":"https:\/\/zonacaral.gob.pe\/en\/wp-json\/wp\/v2\/comments?post=23133"}],"version-history":[{"count":2,"href":"https:\/\/zonacaral.gob.pe\/en\/wp-json\/wp\/v2\/product\/23133\/revisions"}],"predecessor-version":[{"id":23137,"href":"https:\/\/zonacaral.gob.pe\/en\/wp-json\/wp\/v2\/product\/23133\/revisions\/23137"}],"wp:featuredmedia":[{"embeddable":true,"href":"https:\/\/zonacaral.gob.pe\/en\/wp-json\/wp\/v2\/media\/23134"}],"wp:attachment":[{"href":"https:\/\/zonacaral.gob.pe\/en\/wp-json\/wp\/v2\/media?parent=23133"}],"wp:term":[{"taxonomy":"product_brand","embeddable":true,"href":"https:\/\/zonacaral.gob.pe\/en\/wp-json\/wp\/v2\/product_brand?post=23133"},{"taxonomy":"product_cat","embeddable":true,"href":"https:\/\/zonacaral.gob.pe\/en\/wp-json\/wp\/v2\/product_cat?post=23133"},{"taxonomy":"product_tag","embeddable":true,"href":"https:\/\/zonacaral.gob.pe\/en\/wp-json\/wp\/v2\/product_tag?post=23133"}],"curies":[{"name":"wp","href":"https:\/\/api.w.org\/{rel}","templated":true}]}}