{"id":23188,"date":"2026-02-10T06:28:13","date_gmt":"2026-02-10T06:28:13","guid":{"rendered":"https:\/\/zonacaral.gob.pe\/?post_type=product&#038;p=23188"},"modified":"2026-02-10T06:33:46","modified_gmt":"2026-02-10T06:33:46","slug":"el-caralino-edicion-3","status":"publish","type":"product","link":"https:\/\/zonacaral.gob.pe\/en\/producto\/el-caralino-edicion-3\/","title":{"rendered":"El Caralino, edici\u00f3n # 3"},"content":{"rendered":"","protected":false},"excerpt":{"rendered":"","protected":false},"featured_media":23189,"comment_status":"open","ping_status":"closed","template":"","meta":{"_acf_changed":false,"site-sidebar-layout":"no-sidebar","site-content-layout":"","ast-site-content-layout":"full-width-container","site-content-style":"default","site-sidebar-style":"default","ast-global-header-display":"","ast-banner-title-visibility":"","ast-main-header-display":"","ast-hfb-above-header-display":"","ast-hfb-below-header-display":"","ast-hfb-mobile-header-display":"","site-post-title":"","ast-breadcrumbs-content":"","ast-featured-img":"disabled","footer-sml-layout":"","ast-disable-related-posts":"","theme-transparent-header-meta":"default","adv-header-id-meta":"","stick-header-meta":"","header-above-stick-meta":"","header-main-stick-meta":"","header-below-stick-meta":"","astra-migrate-meta-layouts":"set","ast-page-background-enabled":"default","ast-page-background-meta":{"desktop":{"background-color":"var(--ast-global-color-5)","background-image":"","background-repeat":"repeat","background-position":"center center","background-size":"auto","background-attachment":"scroll","background-type":"","background-media":"","overlay-type":"","overlay-color":"","overlay-opacity":"","overlay-gradient":""},"tablet":{"background-color":"","background-image":"","background-repeat":"repeat","background-position":"center center","background-size":"auto","background-attachment":"scroll","background-type":"","background-media":"","overlay-type":"","overlay-color":"","overlay-opacity":"","overlay-gradient":""},"mobile":{"background-color":"","background-image":"","background-repeat":"repeat","background-position":"center center","background-size":"auto","background-attachment":"scroll","background-type":"","background-media":"","overlay-type":"","overlay-color":"","overlay-opacity":"","overlay-gradient":""}},"ast-content-background-meta":{"desktop":{"background-color":"var(--ast-global-color-4)","background-image":"","background-repeat":"repeat","background-position":"center center","background-size":"auto","background-attachment":"scroll","background-type":"","background-media":"","overlay-type":"","overlay-color":"","overlay-opacity":"","overlay-gradient":""},"tablet":{"background-color":"var(--ast-global-color-4)","background-image":"","background-repeat":"repeat","background-position":"center center","background-size":"auto","background-attachment":"scroll","background-type":"","background-media":"","overlay-type":"","overlay-color":"","overlay-opacity":"","overlay-gradient":""},"mobile":{"background-color":"var(--ast-global-color-4)","background-image":"","background-repeat":"repeat","background-position":"center center","background-size":"auto","background-attachment":"scroll","background-type":"","background-media":"","overlay-type":"","overlay-color":"","overlay-opacity":"","overlay-gradient":""}}},"product_brand":[],"product_cat":[29],"product_tag":[213],"class_list":{"0":"post-23188","1":"product","2":"type-product","3":"status-publish","4":"has-post-thumbnail","6":"product_cat-publicaciones","7":"product_tag-solicitar-copia","8":"desktop-align-left","9":"tablet-align-left","10":"mobile-align-left","12":"first","13":"instock","14":"shipping-taxable","15":"purchasable","16":"product-type-simple"},"acf":{"editorial":"Zona Arqueol\u00f3gica Caral","autores":"<ul>\r\n \t<li>Departamento de Proyecci\u00f3n Social de la ZAC<\/li>\r\n<\/ul>","ano_de_edicion":"2007","tipo_de_producto":"Bolet\u00edn Institucional","idioma":"Espa\u00f1ol","numero_de_paginas":"","isbn":"","archivo_de_descarga":"","enlace_a_libro_digital":""},"yoast_head":"<!-- This site is optimized with the Yoast SEO plugin v27.2 - https:\/\/yoast.com\/product\/yoast-seo-wordpress\/ -->\n<title>El Caralino, edici\u00f3n # 3 - Zona Caral<\/title>\n<meta name=\"robots\" content=\"index, follow, max-snippet:-1, max-image-preview:large, max-video-preview:-1\" \/>\n<link rel=\"canonical\" href=\"https:\/\/zonacaral.gob.pe\/en\/producto\/el-caralino-edicion-3\/\" \/>\n<meta property=\"og:locale\" content=\"en_US\" \/>\n<meta property=\"og:type\" content=\"article\" \/>\n<meta property=\"og:title\" content=\"El Caralino, edici\u00f3n # 3 - Zona Caral\" \/>\n<meta property=\"og:url\" content=\"https:\/\/zonacaral.gob.pe\/en\/producto\/el-caralino-edicion-3\/\" \/>\n<meta property=\"og:site_name\" content=\"Zona Caral\" \/>\n<meta property=\"article:modified_time\" content=\"2026-02-10T06:33:46+00:00\" \/>\n<meta property=\"og:image\" content=\"https:\/\/zonacaral.gob.pe\/wp-content\/uploads\/2026\/02\/el_caralino_03_02_2007.png\" \/>\n\t<meta property=\"og:image:width\" content=\"430\" \/>\n\t<meta property=\"og:image:height\" content=\"630\" \/>\n\t<meta property=\"og:image:type\" content=\"image\/png\" \/>\n<meta name=\"twitter:card\" content=\"summary_large_image\" \/>\n<meta name=\"twitter:label1\" content=\"Est. reading time\" \/>\n\t<meta name=\"twitter:data1\" content=\"1 minute\" \/>\n<script type=\"application\/ld+json\" class=\"yoast-schema-graph\">{\"@context\":\"https:\/\/schema.org\",\"@graph\":[{\"@type\":\"WebPage\",\"@id\":\"https:\/\/zonacaral.gob.pe\/es\/producto\/el-caralino-edicion-3\/\",\"url\":\"https:\/\/zonacaral.gob.pe\/es\/producto\/el-caralino-edicion-3\/\",\"name\":\"El Caralino, edici\u00f3n # 3 - Zona Caral\",\"isPartOf\":{\"@id\":\"https:\/\/zonacaral.gob.pe\/es\/#website\"},\"primaryImageOfPage\":{\"@id\":\"https:\/\/zonacaral.gob.pe\/es\/producto\/el-caralino-edicion-3\/#primaryimage\"},\"image\":{\"@id\":\"https:\/\/zonacaral.gob.pe\/es\/producto\/el-caralino-edicion-3\/#primaryimage\"},\"thumbnailUrl\":\"https:\/\/zonacaral.gob.pe\/wp-content\/uploads\/2026\/02\/el_caralino_03_02_2007.png\",\"datePublished\":\"2026-02-10T06:28:13+00:00\",\"dateModified\":\"2026-02-10T06:33:46+00:00\",\"breadcrumb\":{\"@id\":\"https:\/\/zonacaral.gob.pe\/es\/producto\/el-caralino-edicion-3\/#breadcrumb\"},\"inLanguage\":\"en-US\",\"potentialAction\":[{\"@type\":\"ReadAction\",\"target\":[\"https:\/\/zonacaral.gob.pe\/es\/producto\/el-caralino-edicion-3\/\"]}]},{\"@type\":\"ImageObject\",\"inLanguage\":\"en-US\",\"@id\":\"https:\/\/zonacaral.gob.pe\/es\/producto\/el-caralino-edicion-3\/#primaryimage\",\"url\":\"https:\/\/zonacaral.gob.pe\/wp-content\/uploads\/2026\/02\/el_caralino_03_02_2007.png\",\"contentUrl\":\"https:\/\/zonacaral.gob.pe\/wp-content\/uploads\/2026\/02\/el_caralino_03_02_2007.png\",\"width\":430,\"height\":630},{\"@type\":\"BreadcrumbList\",\"@id\":\"https:\/\/zonacaral.gob.pe\/es\/producto\/el-caralino-edicion-3\/#breadcrumb\",\"itemListElement\":[{\"@type\":\"ListItem\",\"position\":1,\"name\":\"Portada\",\"item\":\"https:\/\/zonacaral.gob.pe\/\"},{\"@type\":\"ListItem\",\"position\":2,\"name\":\"Tienda\",\"item\":\"https:\/\/zonacaral.gob.pe\/es\/tienda\/\"},{\"@type\":\"ListItem\",\"position\":3,\"name\":\"El Caralino, edici\u00f3n # 3\"}]},{\"@type\":\"WebSite\",\"@id\":\"https:\/\/zonacaral.gob.pe\/es\/#website\",\"url\":\"https:\/\/zonacaral.gob.pe\/es\/\",\"name\":\"Zona Caral\",\"description\":\"Investigamos, conservamos y difundimos el patrimonio cultural de la Civilizaci\u00f3n Caral, la m\u00e1s antigua de Am\u00e9rica.\",\"potentialAction\":[{\"@type\":\"SearchAction\",\"target\":{\"@type\":\"EntryPoint\",\"urlTemplate\":\"https:\/\/zonacaral.gob.pe\/es\/?s={search_term_string}\"},\"query-input\":{\"@type\":\"PropertyValueSpecification\",\"valueRequired\":true,\"valueName\":\"search_term_string\"}}],\"inLanguage\":\"en-US\"}]}<\/script>\n<!-- \/ Yoast SEO plugin. -->","yoast_head_json":{"title":"El Caralino, edici\u00f3n # 3 - Zona Caral","robots":{"index":"index","follow":"follow","max-snippet":"max-snippet:-1","max-image-preview":"max-image-preview:large","max-video-preview":"max-video-preview:-1"},"canonical":"https:\/\/zonacaral.gob.pe\/en\/producto\/el-caralino-edicion-3\/","og_locale":"en_US","og_type":"article","og_title":"El Caralino, edici\u00f3n # 3 - Zona Caral","og_url":"https:\/\/zonacaral.gob.pe\/en\/producto\/el-caralino-edicion-3\/","og_site_name":"Zona Caral","article_modified_time":"2026-02-10T06:33:46+00:00","og_image":[{"width":430,"height":630,"url":"https:\/\/zonacaral.gob.pe\/wp-content\/uploads\/2026\/02\/el_caralino_03_02_2007.png","type":"image\/png"}],"twitter_card":"summary_large_image","twitter_misc":{"Est. reading time":"1 minute"},"schema":{"@context":"https:\/\/schema.org","@graph":[{"@type":"WebPage","@id":"https:\/\/zonacaral.gob.pe\/es\/producto\/el-caralino-edicion-3\/","url":"https:\/\/zonacaral.gob.pe\/es\/producto\/el-caralino-edicion-3\/","name":"El Caralino, edici\u00f3n # 3 - Zona Caral","isPartOf":{"@id":"https:\/\/zonacaral.gob.pe\/es\/#website"},"primaryImageOfPage":{"@id":"https:\/\/zonacaral.gob.pe\/es\/producto\/el-caralino-edicion-3\/#primaryimage"},"image":{"@id":"https:\/\/zonacaral.gob.pe\/es\/producto\/el-caralino-edicion-3\/#primaryimage"},"thumbnailUrl":"https:\/\/zonacaral.gob.pe\/wp-content\/uploads\/2026\/02\/el_caralino_03_02_2007.png","datePublished":"2026-02-10T06:28:13+00:00","dateModified":"2026-02-10T06:33:46+00:00","breadcrumb":{"@id":"https:\/\/zonacaral.gob.pe\/es\/producto\/el-caralino-edicion-3\/#breadcrumb"},"inLanguage":"en-US","potentialAction":[{"@type":"ReadAction","target":["https:\/\/zonacaral.gob.pe\/es\/producto\/el-caralino-edicion-3\/"]}]},{"@type":"ImageObject","inLanguage":"en-US","@id":"https:\/\/zonacaral.gob.pe\/es\/producto\/el-caralino-edicion-3\/#primaryimage","url":"https:\/\/zonacaral.gob.pe\/wp-content\/uploads\/2026\/02\/el_caralino_03_02_2007.png","contentUrl":"https:\/\/zonacaral.gob.pe\/wp-content\/uploads\/2026\/02\/el_caralino_03_02_2007.png","width":430,"height":630},{"@type":"BreadcrumbList","@id":"https:\/\/zonacaral.gob.pe\/es\/producto\/el-caralino-edicion-3\/#breadcrumb","itemListElement":[{"@type":"ListItem","position":1,"name":"Portada","item":"https:\/\/zonacaral.gob.pe\/"},{"@type":"ListItem","position":2,"name":"Tienda","item":"https:\/\/zonacaral.gob.pe\/es\/tienda\/"},{"@type":"ListItem","position":3,"name":"El Caralino, edici\u00f3n # 3"}]},{"@type":"WebSite","@id":"https:\/\/zonacaral.gob.pe\/es\/#website","url":"https:\/\/zonacaral.gob.pe\/es\/","name":"Zona Caral","description":"Investigamos, conservamos y difundimos el patrimonio cultural de la Civilizaci\u00f3n Caral, la m\u00e1s antigua de Am\u00e9rica.","potentialAction":[{"@type":"SearchAction","target":{"@type":"EntryPoint","urlTemplate":"https:\/\/zonacaral.gob.pe\/es\/?s={search_term_string}"},"query-input":{"@type":"PropertyValueSpecification","valueRequired":true,"valueName":"search_term_string"}}],"inLanguage":"en-US"}]}},"_links":{"self":[{"href":"https:\/\/zonacaral.gob.pe\/en\/wp-json\/wp\/v2\/product\/23188","targetHints":{"allow":["GET"]}}],"collection":[{"href":"https:\/\/zonacaral.gob.pe\/en\/wp-json\/wp\/v2\/product"}],"about":[{"href":"https:\/\/zonacaral.gob.pe\/en\/wp-json\/wp\/v2\/types\/product"}],"replies":[{"embeddable":true,"href":"https:\/\/zonacaral.gob.pe\/en\/wp-json\/wp\/v2\/comments?post=23188"}],"version-history":[{"count":3,"href":"https:\/\/zonacaral.gob.pe\/en\/wp-json\/wp\/v2\/product\/23188\/revisions"}],"predecessor-version":[{"id":23192,"href":"https:\/\/zonacaral.gob.pe\/en\/wp-json\/wp\/v2\/product\/23188\/revisions\/23192"}],"wp:featuredmedia":[{"embeddable":true,"href":"https:\/\/zonacaral.gob.pe\/en\/wp-json\/wp\/v2\/media\/23189"}],"wp:attachment":[{"href":"https:\/\/zonacaral.gob.pe\/en\/wp-json\/wp\/v2\/media?parent=23188"}],"wp:term":[{"taxonomy":"product_brand","embeddable":true,"href":"https:\/\/zonacaral.gob.pe\/en\/wp-json\/wp\/v2\/product_brand?post=23188"},{"taxonomy":"product_cat","embeddable":true,"href":"https:\/\/zonacaral.gob.pe\/en\/wp-json\/wp\/v2\/product_cat?post=23188"},{"taxonomy":"product_tag","embeddable":true,"href":"https:\/\/zonacaral.gob.pe\/en\/wp-json\/wp\/v2\/product_tag?post=23188"}],"curies":[{"name":"wp","href":"https:\/\/api.w.org\/{rel}","templated":true}]}}