{"id":1468,"date":"2025-12-12T06:49:11","date_gmt":"2025-12-12T06:49:11","guid":{"rendered":"https:\/\/zonacaral.gob.pe\/?page_id=1468"},"modified":"2026-03-04T06:55:51","modified_gmt":"2026-03-04T06:55:51","slug":"juego-memoria","status":"publish","type":"page","link":"https:\/\/zonacaral.gob.pe\/es\/museo-caral-virtual\/material-ludico\/juego-memoria\/","title":{"rendered":"Juego Memoria"},"content":{"rendered":"\t\t<div data-elementor-type=\"wp-page\" data-elementor-id=\"1468\" class=\"elementor elementor-1468\" data-elementor-post-type=\"page\">\n\t\t\t\t<div class=\"elementor-element elementor-element-7a4998b slider-fondo e-flex e-con-boxed e-con e-parent\" data-id=\"7a4998b\" data-element_type=\"container\" data-settings=\"{&quot;background_background&quot;:&quot;classic&quot;}\">\n\t\t\t\t\t<div class=\"e-con-inner\">\n\t\t<div class=\"elementor-element elementor-element-098c157 e-con-full e-flex e-con e-child\" data-id=\"098c157\" data-element_type=\"container\">\n\t\t<div class=\"elementor-element elementor-element-be9d199 e-con-full e-flex e-con e-child\" data-id=\"be9d199\" data-element_type=\"container\">\n\t\t\t\t<div class=\"elementor-element elementor-element-634891e elementor-widget elementor-widget-image\" data-id=\"634891e\" data-element_type=\"widget\" data-widget_type=\"image.default\">\n\t\t\t\t\t\t\t\t\t\t\t\t\t\t\t\t<a href=\"https:\/\/zonacaral.gob.pe\/es\/museo-caral-virtual\/\">\n\t\t\t\t\t\t\t<img decoding=\"async\" width=\"150\" height=\"78\" src=\"https:\/\/zonacaral.gob.pe\/wp-content\/uploads\/2025\/12\/04bea59d266468a1ec868be4d4fecc24f9f0cfa5.png\" class=\"attachment-large size-large wp-image-1202\" alt=\"\" \/>\t\t\t\t\t\t\t\t<\/a>\n\t\t\t\t\t\t\t\t\t\t\t\t\t\t\t<\/div>\n\t\t\t\t<div class=\"elementor-element elementor-element-2ded2bf elementor-widget__width-initial elementor-invisible elementor-widget elementor-widget-text-editor\" data-id=\"2ded2bf\" data-element_type=\"widget\" data-settings=\"{&quot;_animation&quot;:&quot;fadeInLeft&quot;}\" data-widget_type=\"text-editor.default\">\n\t\t\t\t\t\t\t\t\t<p>CARAL es de todos \u00a1Aprendamos juntos sobre nuestro patrimonio cultural! Pon a prueba tus conocimientos sobre la Civilizaci\u00f3n Caral, mira el video, luego completa el crucigrama que hemos creado para ti.<\/p>\t\t\t\t\t\t\t\t<\/div>\n\t\t\t\t<\/div>\n\t\t\t\t<\/div>\n\t\t\t\t\t<\/div>\n\t\t\t\t<\/div>\n\t\t<div class=\"elementor-element elementor-element-8ec62ba e-flex e-con-boxed e-con e-parent\" data-id=\"8ec62ba\" data-element_type=\"container\" data-settings=\"{&quot;background_background&quot;:&quot;classic&quot;}\">\n\t\t\t\t\t<div class=\"e-con-inner\">\n\t\t\t\t<div class=\"elementor-element elementor-element-501a3bc elementor-widget elementor-widget-image\" data-id=\"501a3bc\" data-element_type=\"widget\" data-widget_type=\"image.default\">\n\t\t\t\t\t\t\t\t\t\t\t\t\t\t\t\t<a href=\"https:\/\/zonacaral.gob.pe\/es\">\n\t\t\t\t\t\t\t<img decoding=\"async\" width=\"1\" height=\"1\" src=\"https:\/\/zonacaral.gob.pe\/wp-content\/uploads\/2025\/12\/vector_caral.svg\" class=\"attachment-large size-large wp-image-1208\" alt=\"\" \/>\t\t\t\t\t\t\t\t<\/a>\n\t\t\t\t\t\t\t\t\t\t\t\t\t\t\t<\/div>\n\t\t<div class=\"elementor-element elementor-element-089a15a e-con-full e-flex e-con e-child\" data-id=\"089a15a\" data-element_type=\"container\">\n\t\t\t\t<div class=\"elementor-element elementor-element-4460ec3 elementor-widget elementor-widget-heading\" data-id=\"4460ec3\" data-element_type=\"widget\" data-widget_type=\"heading.default\">\n\t\t\t\t\t<span class=\"elementor-heading-title elementor-size-default\"><a href=\"https:\/\/zonacaral.gob.pe\/es\">Inicio<\/a><\/span>\t\t\t\t<\/div>\n\t\t\t\t<div class=\"elementor-element elementor-element-065cb89 elementor-view-default elementor-widget elementor-widget-icon\" data-id=\"065cb89\" data-element_type=\"widget\" data-widget_type=\"icon.default\">\n\t\t\t\t\t\t\t<div class=\"elementor-icon-wrapper\">\n\t\t\t<div class=\"elementor-icon\">\n\t\t\t<svg aria-hidden=\"true\" class=\"e-font-icon-svg e-fas-angle-right\" viewBox=\"0 0 256 512\" xmlns=\"http:\/\/www.w3.org\/2000\/svg\"><path d=\"M224.3 273l-136 136c-9.4 9.4-24.6 9.4-33.9 0l-22.6-22.6c-9.4-9.4-9.4-24.6 0-33.9l96.4-96.4-96.4-96.4c-9.4-9.4-9.4-24.6 0-33.9L54.3 103c9.4-9.4 24.6-9.4 33.9 0l136 136c9.5 9.4 9.5 24.6.1 34z\"><\/path><\/svg>\t\t\t<\/div>\n\t\t<\/div>\n\t\t\t\t\t\t<\/div>\n\t\t\t\t<div class=\"elementor-element elementor-element-c846071 elementor-widget elementor-widget-heading\" data-id=\"c846071\" data-element_type=\"widget\" data-widget_type=\"heading.default\">\n\t\t\t\t\t<span class=\"elementor-heading-title elementor-size-default\"><a href=\"https:\/\/zonacaral.gob.pe\/es\/museo-caral-virtual\/\">Museo Caral Virtual<\/a><\/span>\t\t\t\t<\/div>\n\t\t\t\t<div class=\"elementor-element elementor-element-dd58e22 elementor-view-default elementor-widget elementor-widget-icon\" data-id=\"dd58e22\" data-element_type=\"widget\" data-widget_type=\"icon.default\">\n\t\t\t\t\t\t\t<div class=\"elementor-icon-wrapper\">\n\t\t\t<div class=\"elementor-icon\">\n\t\t\t<svg aria-hidden=\"true\" class=\"e-font-icon-svg e-fas-angle-right\" viewBox=\"0 0 256 512\" xmlns=\"http:\/\/www.w3.org\/2000\/svg\"><path d=\"M224.3 273l-136 136c-9.4 9.4-24.6 9.4-33.9 0l-22.6-22.6c-9.4-9.4-9.4-24.6 0-33.9l96.4-96.4-96.4-96.4c-9.4-9.4-9.4-24.6 0-33.9L54.3 103c9.4-9.4 24.6-9.4 33.9 0l136 136c9.5 9.4 9.5 24.6.1 34z\"><\/path><\/svg>\t\t\t<\/div>\n\t\t<\/div>\n\t\t\t\t\t\t<\/div>\n\t\t\t\t<div class=\"elementor-element elementor-element-a7b9596 elementor-widget elementor-widget-heading\" data-id=\"a7b9596\" data-element_type=\"widget\" data-widget_type=\"heading.default\">\n\t\t\t\t\t<span class=\"elementor-heading-title elementor-size-default\"><a href=\"https:\/\/zonacaral.gob.pe\/es\/museo-caral-virtual\/material-ludico\/\">Material l\u00fadico<\/a><\/span>\t\t\t\t<\/div>\n\t\t\t\t<div class=\"elementor-element elementor-element-86a1e7f elementor-view-default elementor-widget elementor-widget-icon\" data-id=\"86a1e7f\" data-element_type=\"widget\" data-widget_type=\"icon.default\">\n\t\t\t\t\t\t\t<div class=\"elementor-icon-wrapper\">\n\t\t\t<div class=\"elementor-icon\">\n\t\t\t<svg aria-hidden=\"true\" class=\"e-font-icon-svg e-fas-angle-right\" viewBox=\"0 0 256 512\" xmlns=\"http:\/\/www.w3.org\/2000\/svg\"><path d=\"M224.3 273l-136 136c-9.4 9.4-24.6 9.4-33.9 0l-22.6-22.6c-9.4-9.4-9.4-24.6 0-33.9l96.4-96.4-96.4-96.4c-9.4-9.4-9.4-24.6 0-33.9L54.3 103c9.4-9.4 24.6-9.4 33.9 0l136 136c9.5 9.4 9.5 24.6.1 34z\"><\/path><\/svg>\t\t\t<\/div>\n\t\t<\/div>\n\t\t\t\t\t\t<\/div>\n\t\t\t\t<\/div>\n\t\t\t\t\t<\/div>\n\t\t\t\t<\/div>\n\t\t<div class=\"elementor-element elementor-element-28cf70d e-flex e-con-boxed e-con e-parent\" data-id=\"28cf70d\" data-element_type=\"container\" data-settings=\"{&quot;background_background&quot;:&quot;classic&quot;}\">\n\t\t\t\t\t<div class=\"e-con-inner\">\n\t\t<div class=\"elementor-element elementor-element-e5c4610 e-con-full e-flex e-con e-child\" data-id=\"e5c4610\" data-element_type=\"container\">\n\t\t<div class=\"elementor-element elementor-element-3589de5 e-con-full e-flex e-con e-child\" data-id=\"3589de5\" data-element_type=\"container\">\n\t\t<div class=\"elementor-element elementor-element-9b21ad0 e-con-full e-flex e-con e-child\" data-id=\"9b21ad0\" data-element_type=\"container\">\n\t\t\t\t<div class=\"elementor-element elementor-element-91a9267 elementor-invisible elementor-widget elementor-widget-button\" data-id=\"91a9267\" data-element_type=\"widget\" data-settings=\"{&quot;_animation&quot;:&quot;fadeInLeft&quot;}\" data-widget_type=\"button.default\">\n\t\t\t\t\t\t\t\t\t\t<a class=\"elementor-button elementor-size-sm\" role=\"button\">\n\t\t\t\t\t\t<span class=\"elementor-button-content-wrapper\">\n\t\t\t\t\t\t\t\t\t<span class=\"elementor-button-text\">Historia<\/span>\n\t\t\t\t\t<\/span>\n\t\t\t\t\t<\/a>\n\t\t\t\t\t\t\t\t<\/div>\n\t\t\t\t<div class=\"elementor-element elementor-element-8595211 elementor-invisible elementor-widget elementor-widget-heading\" data-id=\"8595211\" data-element_type=\"widget\" data-settings=\"{&quot;_animation&quot;:&quot;fadeInLeft&quot;}\" data-widget_type=\"heading.default\">\n\t\t\t\t\t<h2 class=\"elementor-heading-title elementor-size-default\">Juego de Memoria<\/h2>\t\t\t\t<\/div>\n\t\t\t\t<div class=\"elementor-element elementor-element-eaead3f elementor-invisible elementor-widget elementor-widget-text-editor\" data-id=\"eaead3f\" data-element_type=\"widget\" data-settings=\"{&quot;_animation&quot;:&quot;fadeInLeft&quot;}\" data-widget_type=\"text-editor.default\">\n\t\t\t\t\t\t\t\t\t<p>En la civilizaci\u00f3n Caral se desarrollaron conocimientos en ciencia y tecnolog\u00eda hace 5000 a\u00f1os; conoce los los valores sociales y culturales en el antiguo Per\u00fa. <br \/><br \/>Pon a prueba tus conocimientos, mira el video y completa el juego memoria que hemos creado para ti.<\/p>\t\t\t\t\t\t\t\t<\/div>\n\t\t\t\t<\/div>\n\t\t\t\t<\/div>\n\t\t<div class=\"elementor-element elementor-element-ec769c6 e-con-full e-flex e-con e-child\" data-id=\"ec769c6\" data-element_type=\"container\">\n\t\t\t\t<div class=\"elementor-element elementor-element-ed08770 elementor-invisible elementor-widget elementor-widget-video\" data-id=\"ed08770\" data-element_type=\"widget\" data-settings=\"{&quot;youtube_url&quot;:&quot;https:\\\/\\\/youtu.be\\\/HprkFQNqJBs&quot;,&quot;show_image_overlay&quot;:&quot;yes&quot;,&quot;image_overlay&quot;:{&quot;url&quot;:&quot;https:\\\/\\\/zonacaral.gob.pe\\\/wp-content\\\/uploads\\\/2026\\\/01\\\/b80619e83c4486b87e592b6734a8eab2a4b53786.webp&quot;,&quot;id&quot;:4478,&quot;size&quot;:&quot;&quot;,&quot;alt&quot;:&quot;&quot;,&quot;source&quot;:&quot;library&quot;},&quot;_animation&quot;:&quot;fadeIn&quot;,&quot;video_type&quot;:&quot;youtube&quot;,&quot;controls&quot;:&quot;yes&quot;}\" data-widget_type=\"video.default\">\n\t\t\t\t\t\t\t<div class=\"elementor-wrapper elementor-open-inline\">\n\t\t\t<div class=\"elementor-video\"><\/div>\t\t\t\t<div class=\"elementor-custom-embed-image-overlay\" style=\"background-image: url(https:\/\/zonacaral.gob.pe\/wp-content\/uploads\/2026\/01\/b80619e83c4486b87e592b6734a8eab2a4b53786.webp);\">\n\t\t\t\t\t\t\t\t\t\t\t\t\t\t\t\t<div class=\"elementor-custom-embed-play\" role=\"button\" aria-label=\"Reproducir v\u00eddeo\" tabindex=\"0\">\n\t\t\t\t\t\t\t<svg xmlns=\"http:\/\/www.w3.org\/2000\/svg\" class=\"external-icon\" viewBox=\"0 0 28.57  20\" style=\"pointer-events: none; display: block; width: 100%; height: 100%;\"><svg xmlns=\"http:\/\/www.w3.org\/2000\/svg\" viewBox=\"0 0 28.57 20\" preserveAspectRatio=\"xMidYMid meet\"><g><path d=\"M27.9727 3.12324C27.6435 1.89323 26.6768 0.926623 25.4468 0.597366C23.2197 2.24288e-07 14.285 0 14.285 0C14.285 0 5.35042 2.24288e-07 3.12323 0.597366C1.89323 0.926623 0.926623 1.89323 0.597366 3.12324C2.24288e-07 5.35042 0 10 0 10C0 10 2.24288e-07 14.6496 0.597366 16.8768C0.926623 18.1068 1.89323 19.0734 3.12323 19.4026C5.35042 20 14.285 20 14.285 20C14.285 20 23.2197 20 25.4468 19.4026C26.6768 19.0734 27.6435 18.1068 27.9727 16.8768C28.5701 14.6496 28.5701 10 28.5701 10C28.5701 10 28.5677 5.35042 27.9727 3.12324Z\" fill=\"#FF0000\"><\/path><path d=\"M11.4253 14.2854L18.8477 10.0004L11.4253 5.71533V14.2854Z\" fill=\"white\"><\/path><\/g><\/svg><\/svg>\t\t\t\t\t\t<\/div>\n\t\t\t\t\t\t\t\t\t<\/div>\n\t\t\t\t\t<\/div>\n\t\t\t\t\t\t<\/div>\n\t\t\t\t<\/div>\n\t\t\t\t<\/div>\n\t\t<div class=\"elementor-element elementor-element-e40509c e-con-full e-flex e-con e-child\" data-id=\"e40509c\" data-element_type=\"container\">\n\t\t<div class=\"elementor-element elementor-element-73e9d8f e-con-full e-flex e-con e-child\" data-id=\"73e9d8f\" data-element_type=\"container\">\n\t\t\t\t<div class=\"elementor-element elementor-element-5c2c5b9 elementor-invisible elementor-widget elementor-widget-button\" data-id=\"5c2c5b9\" data-element_type=\"widget\" data-settings=\"{&quot;_animation&quot;:&quot;fadeInLeft&quot;}\" data-widget_type=\"button.default\">\n\t\t\t\t\t\t\t\t\t\t<a class=\"elementor-button elementor-size-sm\" role=\"button\">\n\t\t\t\t\t\t<span class=\"elementor-button-content-wrapper\">\n\t\t\t\t\t\t\t\t\t<span class=\"elementor-button-text\">Juegos<\/span>\n\t\t\t\t\t<\/span>\n\t\t\t\t\t<\/a>\n\t\t\t\t\t\t\t\t<\/div>\n\t\t\t\t<div class=\"elementor-element elementor-element-cf78d9c elementor-invisible elementor-widget elementor-widget-heading\" data-id=\"cf78d9c\" data-element_type=\"widget\" data-settings=\"{&quot;_animation&quot;:&quot;fadeInLeft&quot;}\" data-widget_type=\"heading.default\">\n\t\t\t\t\t<h2 class=\"elementor-heading-title elementor-size-default\">Nivel 1<\/h2>\t\t\t\t<\/div>\n\t\t\t\t<\/div>\n\t\t\t\t<\/div>\n\t\t\t\t<div class=\"elementor-element elementor-element-aee6ea2 elementor-widget elementor-widget-html\" data-id=\"aee6ea2\" data-element_type=\"widget\" data-widget_type=\"html.default\">\n\t\t\t\t\t<iframe src=\"https:\/\/learningapps.org\/watch?v=pj1ok4he220\" width=\"750\" height=\"560\"><\/iframe>\t\t\t\t<\/div>\n\t\t\t\t\t<\/div>\n\t\t\t\t<\/div>\n\t\t\t\t<\/div>\n\t\t","protected":false},"excerpt":{"rendered":"<p>CARAL es de todos \u00a1Aprendamos juntos sobre nuestro patrimonio cultural! Pon a prueba tus conocimientos sobre la Civilizaci\u00f3n Caral, mira [&hellip;]<\/p>\n","protected":false},"author":1,"featured_media":0,"parent":1431,"menu_order":0,"comment_status":"closed","ping_status":"closed","template":"","meta":{"_acf_changed":false,"site-sidebar-layout":"no-sidebar","site-content-layout":"","ast-site-content-layout":"full-width-container","site-content-style":"default","site-sidebar-style":"default","ast-global-header-display":"","ast-banner-title-visibility":"","ast-main-header-display":"","ast-hfb-above-header-display":"","ast-hfb-below-header-display":"","ast-hfb-mobile-header-display":"","site-post-title":"","ast-breadcrumbs-content":"","ast-featured-img":"disabled","footer-sml-layout":"","ast-disable-related-posts":"","theme-transparent-header-meta":"","adv-header-id-meta":"","stick-header-meta":"","header-above-stick-meta":"","header-main-stick-meta":"","header-below-stick-meta":"","astra-migrate-meta-layouts":"default","ast-page-background-enabled":"default","ast-page-background-meta":{"desktop":{"background-color":"var(--ast-global-color-5)","background-image":"","background-repeat":"repeat","background-position":"center center","background-size":"auto","background-attachment":"scroll","background-type":"","background-media":"","overlay-type":"","overlay-color":"","overlay-opacity":"","overlay-gradient":""},"tablet":{"background-color":"","background-image":"","background-repeat":"repeat","background-position":"center center","background-size":"auto","background-attachment":"scroll","background-type":"","background-media":"","overlay-type":"","overlay-color":"","overlay-opacity":"","overlay-gradient":""},"mobile":{"background-color":"","background-image":"","background-repeat":"repeat","background-position":"center center","background-size":"auto","background-attachment":"scroll","background-type":"","background-media":"","overlay-type":"","overlay-color":"","overlay-opacity":"","overlay-gradient":""}},"ast-content-background-meta":{"desktop":{"background-color":"var(--ast-global-color-4)","background-image":"","background-repeat":"repeat","background-position":"center center","background-size":"auto","background-attachment":"scroll","background-type":"","background-media":"","overlay-type":"","overlay-color":"","overlay-opacity":"","overlay-gradient":""},"tablet":{"background-color":"var(--ast-global-color-4)","background-image":"","background-repeat":"repeat","background-position":"center center","background-size":"auto","background-attachment":"scroll","background-type":"","background-media":"","overlay-type":"","overlay-color":"","overlay-opacity":"","overlay-gradient":""},"mobile":{"background-color":"var(--ast-global-color-4)","background-image":"","background-repeat":"repeat","background-position":"center center","background-size":"auto","background-attachment":"scroll","background-type":"","background-media":"","overlay-type":"","overlay-color":"","overlay-opacity":"","overlay-gradient":""}},"footnotes":""},"class_list":["post-1468","page","type-page","status-publish","hentry"],"acf":[],"yoast_head":"<!-- This site is optimized with the Yoast SEO plugin v27.2 - https:\/\/yoast.com\/product\/yoast-seo-wordpress\/ -->\n<title>Juego Memoria - Zona Caral<\/title>\n<meta name=\"robots\" content=\"index, follow, max-snippet:-1, max-image-preview:large, max-video-preview:-1\" \/>\n<link rel=\"canonical\" href=\"https:\/\/zonacaral.gob.pe\/es\/museo-caral-virtual\/material-ludico\/juego-memoria\/\" \/>\n<meta property=\"og:locale\" content=\"es_ES\" \/>\n<meta property=\"og:type\" content=\"article\" \/>\n<meta property=\"og:title\" content=\"Juego Memoria - Zona Caral\" \/>\n<meta property=\"og:description\" content=\"CARAL es de todos \u00a1Aprendamos juntos sobre nuestro patrimonio cultural! Pon a prueba tus conocimientos sobre la Civilizaci\u00f3n Caral, mira [&hellip;]\" \/>\n<meta property=\"og:url\" content=\"https:\/\/zonacaral.gob.pe\/es\/museo-caral-virtual\/material-ludico\/juego-memoria\/\" \/>\n<meta property=\"og:site_name\" content=\"Zona Caral\" \/>\n<meta property=\"article:modified_time\" content=\"2026-03-04T06:55:51+00:00\" \/>\n<meta property=\"og:image\" content=\"https:\/\/zonacaral.gob.pe\/wp-content\/uploads\/2025\/12\/04bea59d266468a1ec868be4d4fecc24f9f0cfa5.png\" \/>\n<meta name=\"twitter:card\" content=\"summary_large_image\" \/>\n<meta name=\"twitter:label1\" content=\"Est. reading time\" \/>\n\t<meta name=\"twitter:data1\" content=\"2 minutos\" \/>\n<script type=\"application\/ld+json\" class=\"yoast-schema-graph\">{\"@context\":\"https:\/\/schema.org\",\"@graph\":[{\"@type\":\"WebPage\",\"@id\":\"https:\/\/zonacaral.gob.pe\/museo-caral-virtual\/material-ludico\/juego-memoria\/\",\"url\":\"https:\/\/zonacaral.gob.pe\/museo-caral-virtual\/material-ludico\/juego-memoria\/\",\"name\":\"Juego Memoria - Zona Caral\",\"isPartOf\":{\"@id\":\"https:\/\/zonacaral.gob.pe\/es\/#website\"},\"primaryImageOfPage\":{\"@id\":\"https:\/\/zonacaral.gob.pe\/museo-caral-virtual\/material-ludico\/juego-memoria\/#primaryimage\"},\"image\":{\"@id\":\"https:\/\/zonacaral.gob.pe\/museo-caral-virtual\/material-ludico\/juego-memoria\/#primaryimage\"},\"thumbnailUrl\":\"https:\/\/zonacaral.gob.pe\/wp-content\/uploads\/2025\/12\/04bea59d266468a1ec868be4d4fecc24f9f0cfa5.png\",\"datePublished\":\"2025-12-12T06:49:11+00:00\",\"dateModified\":\"2026-03-04T06:55:51+00:00\",\"breadcrumb\":{\"@id\":\"https:\/\/zonacaral.gob.pe\/museo-caral-virtual\/material-ludico\/juego-memoria\/#breadcrumb\"},\"inLanguage\":\"es-PE\",\"potentialAction\":[{\"@type\":\"ReadAction\",\"target\":[\"https:\/\/zonacaral.gob.pe\/museo-caral-virtual\/material-ludico\/juego-memoria\/\"]}]},{\"@type\":\"ImageObject\",\"inLanguage\":\"es-PE\",\"@id\":\"https:\/\/zonacaral.gob.pe\/museo-caral-virtual\/material-ludico\/juego-memoria\/#primaryimage\",\"url\":\"https:\/\/zonacaral.gob.pe\/wp-content\/uploads\/2025\/12\/04bea59d266468a1ec868be4d4fecc24f9f0cfa5.png\",\"contentUrl\":\"https:\/\/zonacaral.gob.pe\/wp-content\/uploads\/2025\/12\/04bea59d266468a1ec868be4d4fecc24f9f0cfa5.png\"},{\"@type\":\"BreadcrumbList\",\"@id\":\"https:\/\/zonacaral.gob.pe\/museo-caral-virtual\/material-ludico\/juego-memoria\/#breadcrumb\",\"itemListElement\":[{\"@type\":\"ListItem\",\"position\":1,\"name\":\"Portada\",\"item\":\"https:\/\/zonacaral.gob.pe\/\"},{\"@type\":\"ListItem\",\"position\":2,\"name\":\"Museo Caral Virtual\",\"item\":\"http:\/\/zonacaral.gob.pe\/es\/museo-caral-virtual\/\"},{\"@type\":\"ListItem\",\"position\":3,\"name\":\"Material l\u00fadico\",\"item\":\"http:\/\/zonacaral.gob.pe\/es\/museo-caral-virtual\/material-ludico\/\"},{\"@type\":\"ListItem\",\"position\":4,\"name\":\"Juego Memoria\"}]},{\"@type\":\"WebSite\",\"@id\":\"https:\/\/zonacaral.gob.pe\/es\/#website\",\"url\":\"https:\/\/zonacaral.gob.pe\/es\/\",\"name\":\"Zona Caral\",\"description\":\"Investigamos, conservamos y difundimos el patrimonio cultural de la Civilizaci\u00f3n Caral, la m\u00e1s antigua de Am\u00e9rica.\",\"potentialAction\":[{\"@type\":\"SearchAction\",\"target\":{\"@type\":\"EntryPoint\",\"urlTemplate\":\"https:\/\/zonacaral.gob.pe\/es\/?s={search_term_string}\"},\"query-input\":{\"@type\":\"PropertyValueSpecification\",\"valueRequired\":true,\"valueName\":\"search_term_string\"}}],\"inLanguage\":\"es-PE\"}]}<\/script>\n<!-- \/ Yoast SEO plugin. -->","yoast_head_json":{"title":"Juego Memoria - Zona Caral","robots":{"index":"index","follow":"follow","max-snippet":"max-snippet:-1","max-image-preview":"max-image-preview:large","max-video-preview":"max-video-preview:-1"},"canonical":"https:\/\/zonacaral.gob.pe\/es\/museo-caral-virtual\/material-ludico\/juego-memoria\/","og_locale":"es_ES","og_type":"article","og_title":"Juego Memoria - Zona Caral","og_description":"CARAL es de todos \u00a1Aprendamos juntos sobre nuestro patrimonio cultural! Pon a prueba tus conocimientos sobre la Civilizaci\u00f3n Caral, mira [&hellip;]","og_url":"https:\/\/zonacaral.gob.pe\/es\/museo-caral-virtual\/material-ludico\/juego-memoria\/","og_site_name":"Zona Caral","article_modified_time":"2026-03-04T06:55:51+00:00","og_image":[{"url":"https:\/\/zonacaral.gob.pe\/wp-content\/uploads\/2025\/12\/04bea59d266468a1ec868be4d4fecc24f9f0cfa5.png","type":"","width":"","height":""}],"twitter_card":"summary_large_image","twitter_misc":{"Est. reading time":"2 minutos"},"schema":{"@context":"https:\/\/schema.org","@graph":[{"@type":"WebPage","@id":"https:\/\/zonacaral.gob.pe\/museo-caral-virtual\/material-ludico\/juego-memoria\/","url":"https:\/\/zonacaral.gob.pe\/museo-caral-virtual\/material-ludico\/juego-memoria\/","name":"Juego Memoria - Zona Caral","isPartOf":{"@id":"https:\/\/zonacaral.gob.pe\/es\/#website"},"primaryImageOfPage":{"@id":"https:\/\/zonacaral.gob.pe\/museo-caral-virtual\/material-ludico\/juego-memoria\/#primaryimage"},"image":{"@id":"https:\/\/zonacaral.gob.pe\/museo-caral-virtual\/material-ludico\/juego-memoria\/#primaryimage"},"thumbnailUrl":"https:\/\/zonacaral.gob.pe\/wp-content\/uploads\/2025\/12\/04bea59d266468a1ec868be4d4fecc24f9f0cfa5.png","datePublished":"2025-12-12T06:49:11+00:00","dateModified":"2026-03-04T06:55:51+00:00","breadcrumb":{"@id":"https:\/\/zonacaral.gob.pe\/museo-caral-virtual\/material-ludico\/juego-memoria\/#breadcrumb"},"inLanguage":"es-PE","potentialAction":[{"@type":"ReadAction","target":["https:\/\/zonacaral.gob.pe\/museo-caral-virtual\/material-ludico\/juego-memoria\/"]}]},{"@type":"ImageObject","inLanguage":"es-PE","@id":"https:\/\/zonacaral.gob.pe\/museo-caral-virtual\/material-ludico\/juego-memoria\/#primaryimage","url":"https:\/\/zonacaral.gob.pe\/wp-content\/uploads\/2025\/12\/04bea59d266468a1ec868be4d4fecc24f9f0cfa5.png","contentUrl":"https:\/\/zonacaral.gob.pe\/wp-content\/uploads\/2025\/12\/04bea59d266468a1ec868be4d4fecc24f9f0cfa5.png"},{"@type":"BreadcrumbList","@id":"https:\/\/zonacaral.gob.pe\/museo-caral-virtual\/material-ludico\/juego-memoria\/#breadcrumb","itemListElement":[{"@type":"ListItem","position":1,"name":"Portada","item":"https:\/\/zonacaral.gob.pe\/"},{"@type":"ListItem","position":2,"name":"Museo Caral Virtual","item":"http:\/\/zonacaral.gob.pe\/es\/museo-caral-virtual\/"},{"@type":"ListItem","position":3,"name":"Material l\u00fadico","item":"http:\/\/zonacaral.gob.pe\/es\/museo-caral-virtual\/material-ludico\/"},{"@type":"ListItem","position":4,"name":"Juego Memoria"}]},{"@type":"WebSite","@id":"https:\/\/zonacaral.gob.pe\/es\/#website","url":"https:\/\/zonacaral.gob.pe\/es\/","name":"Zona Caral","description":"Investigamos, conservamos y difundimos el patrimonio cultural de la Civilizaci\u00f3n Caral, la m\u00e1s antigua de Am\u00e9rica.","potentialAction":[{"@type":"SearchAction","target":{"@type":"EntryPoint","urlTemplate":"https:\/\/zonacaral.gob.pe\/es\/?s={search_term_string}"},"query-input":{"@type":"PropertyValueSpecification","valueRequired":true,"valueName":"search_term_string"}}],"inLanguage":"es-PE"}]}},"_links":{"self":[{"href":"https:\/\/zonacaral.gob.pe\/es\/wp-json\/wp\/v2\/pages\/1468","targetHints":{"allow":["GET"]}}],"collection":[{"href":"https:\/\/zonacaral.gob.pe\/es\/wp-json\/wp\/v2\/pages"}],"about":[{"href":"https:\/\/zonacaral.gob.pe\/es\/wp-json\/wp\/v2\/types\/page"}],"author":[{"embeddable":true,"href":"https:\/\/zonacaral.gob.pe\/es\/wp-json\/wp\/v2\/users\/1"}],"replies":[{"embeddable":true,"href":"https:\/\/zonacaral.gob.pe\/es\/wp-json\/wp\/v2\/comments?post=1468"}],"version-history":[{"count":40,"href":"https:\/\/zonacaral.gob.pe\/es\/wp-json\/wp\/v2\/pages\/1468\/revisions"}],"predecessor-version":[{"id":23780,"href":"https:\/\/zonacaral.gob.pe\/es\/wp-json\/wp\/v2\/pages\/1468\/revisions\/23780"}],"up":[{"embeddable":true,"href":"https:\/\/zonacaral.gob.pe\/es\/wp-json\/wp\/v2\/pages\/1431"}],"wp:attachment":[{"href":"https:\/\/zonacaral.gob.pe\/es\/wp-json\/wp\/v2\/media?parent=1468"}],"curies":[{"name":"wp","href":"https:\/\/api.w.org\/{rel}","templated":true}]}}