{"id":24564,"date":"2026-05-05T23:31:46","date_gmt":"2026-05-06T04:31:46","guid":{"rendered":"https:\/\/zonacaral.gob.pe\/?page_id=24564"},"modified":"2026-05-06T02:14:52","modified_gmt":"2026-05-06T07:14:52","slug":"convenios-de-investigacion","status":"publish","type":"page","link":"https:\/\/zonacaral.gob.pe\/es\/convenios-de-investigacion\/","title":{"rendered":"Convenios de investigaci\u00f3n"},"content":{"rendered":"\t\t<div data-elementor-type=\"wp-page\" data-elementor-id=\"24564\" class=\"elementor elementor-24564\" data-elementor-post-type=\"page\">\n\t\t\t\t<div class=\"elementor-element elementor-element-e8d422d titulopagina e-flex e-con-boxed e-con e-parent\" data-id=\"e8d422d\" data-element_type=\"container\" data-e-type=\"container\" data-settings=\"{&quot;background_background&quot;:&quot;classic&quot;}\">\n\t\t\t\t\t<div class=\"e-con-inner\">\n\t\t\t\t<div class=\"elementor-element elementor-element-5f78569 elementor-widget__width-initial elementor-invisible elementor-widget elementor-widget-heading\" data-id=\"5f78569\" data-element_type=\"widget\" data-e-type=\"widget\" data-settings=\"{&quot;_animation&quot;:&quot;fadeInLeft&quot;}\" data-widget_type=\"heading.default\">\n\t\t\t\t\t<h2 class=\"elementor-heading-title elementor-size-default\">CONVENIOS DE INVESTIGACI\u00d3N<\/h2>\t\t\t\t<\/div>\n\t\t\t\t<div class=\"elementor-element elementor-element-80df5d6 elementor-widget__width-initial elementor-invisible elementor-widget elementor-widget-text-editor\" data-id=\"80df5d6\" data-element_type=\"widget\" data-e-type=\"widget\" data-settings=\"{&quot;_animation&quot;:&quot;fadeInLeft&quot;}\" data-widget_type=\"text-editor.default\">\n\t\t\t\t\t\t\t\t\t<p>Las actividades de investigaci\u00f3n desarrolladas en la Costa Norcentral por la Zona Arqueol\u00f3gica Caral guardan las caracter\u00edsticas de un programa de investigaci\u00f3n multidisciplinario e integral, que incluye labores de prospecci\u00f3n, excavaci\u00f3n, an\u00e1lisis de materiales y procesamiento de la informaci\u00f3n, acorde con las exigencias epistemol\u00f3gicas de las Ciencias Sociales.<\/p>\t\t\t\t\t\t\t\t<\/div>\n\t\t\t\t\t<\/div>\n\t\t\t\t<\/div>\n\t\t<div class=\"elementor-element elementor-element-ed84001 e-flex e-con-boxed e-con e-parent\" data-id=\"ed84001\" data-element_type=\"container\" data-e-type=\"container\" data-settings=\"{&quot;background_background&quot;:&quot;classic&quot;}\">\n\t\t\t\t\t<div class=\"e-con-inner\">\n\t\t\t\t<div class=\"elementor-element elementor-element-a2bd183 elementor-widget elementor-widget-image\" data-id=\"a2bd183\" data-element_type=\"widget\" data-e-type=\"widget\" data-widget_type=\"image.default\">\n\t\t\t\t\t\t\t\t\t\t\t\t\t\t\t\t<a href=\"https:\/\/zonacaral.gob.pe\/es\">\n\t\t\t\t\t\t\t<img decoding=\"async\" width=\"1\" height=\"1\" src=\"https:\/\/zonacaral.gob.pe\/wp-content\/uploads\/2025\/12\/vector_caral.svg\" class=\"attachment-large size-large wp-image-1208\" alt=\"\" \/>\t\t\t\t\t\t\t\t<\/a>\n\t\t\t\t\t\t\t\t\t\t\t\t\t\t\t<\/div>\n\t\t<div class=\"elementor-element elementor-element-29a072e e-con-full e-flex e-con e-child\" data-id=\"29a072e\" data-element_type=\"container\" data-e-type=\"container\">\n\t\t\t\t<div class=\"elementor-element elementor-element-6daedbf elementor-widget elementor-widget-heading\" data-id=\"6daedbf\" data-element_type=\"widget\" data-e-type=\"widget\" data-widget_type=\"heading.default\">\n\t\t\t\t\t<span class=\"elementor-heading-title elementor-size-default\"><a href=\"https:\/\/zonacaral.gob.pe\/es\">Inicio<\/a><\/span>\t\t\t\t<\/div>\n\t\t\t\t<div class=\"elementor-element elementor-element-4fe0e82 elementor-view-default elementor-widget elementor-widget-icon\" data-id=\"4fe0e82\" data-element_type=\"widget\" data-e-type=\"widget\" data-widget_type=\"icon.default\">\n\t\t\t\t\t\t\t<div class=\"elementor-icon-wrapper\">\n\t\t\t<div class=\"elementor-icon\">\n\t\t\t<svg aria-hidden=\"true\" class=\"e-font-icon-svg e-fas-angle-right\" viewBox=\"0 0 256 512\" xmlns=\"http:\/\/www.w3.org\/2000\/svg\"><path d=\"M224.3 273l-136 136c-9.4 9.4-24.6 9.4-33.9 0l-22.6-22.6c-9.4-9.4-9.4-24.6 0-33.9l96.4-96.4-96.4-96.4c-9.4-9.4-9.4-24.6 0-33.9L54.3 103c9.4-9.4 24.6-9.4 33.9 0l136 136c9.5 9.4 9.5 24.6.1 34z\"><\/path><\/svg>\t\t\t<\/div>\n\t\t<\/div>\n\t\t\t\t\t\t<\/div>\n\t\t\t\t<div class=\"elementor-element elementor-element-f6f9d41 elementor-widget-mobile__width-initial elementor-widget elementor-widget-heading\" data-id=\"f6f9d41\" data-element_type=\"widget\" data-e-type=\"widget\" data-widget_type=\"heading.default\">\n\t\t\t\t\t<span class=\"elementor-heading-title elementor-size-default\"><a href=\"#\">Investigaci\u00f3n y conservaci\u00f3n de sitios arqueol\u00f3gicos<\/a><\/span>\t\t\t\t<\/div>\n\t\t\t\t<div class=\"elementor-element elementor-element-c9d3024 elementor-view-default elementor-widget elementor-widget-icon\" data-id=\"c9d3024\" data-element_type=\"widget\" data-e-type=\"widget\" data-widget_type=\"icon.default\">\n\t\t\t\t\t\t\t<div class=\"elementor-icon-wrapper\">\n\t\t\t<div class=\"elementor-icon\">\n\t\t\t<svg aria-hidden=\"true\" class=\"e-font-icon-svg e-fas-angle-right\" viewBox=\"0 0 256 512\" xmlns=\"http:\/\/www.w3.org\/2000\/svg\"><path d=\"M224.3 273l-136 136c-9.4 9.4-24.6 9.4-33.9 0l-22.6-22.6c-9.4-9.4-9.4-24.6 0-33.9l96.4-96.4-96.4-96.4c-9.4-9.4-9.4-24.6 0-33.9L54.3 103c9.4-9.4 24.6-9.4 33.9 0l136 136c9.5 9.4 9.5 24.6.1 34z\"><\/path><\/svg>\t\t\t<\/div>\n\t\t<\/div>\n\t\t\t\t\t\t<\/div>\n\t\t\t\t<div class=\"elementor-element elementor-element-f3cf55b elementor-widget-mobile__width-initial elementor-widget elementor-widget-heading\" data-id=\"f3cf55b\" data-element_type=\"widget\" data-e-type=\"widget\" data-widget_type=\"heading.default\">\n\t\t\t\t\t<span class=\"elementor-heading-title elementor-size-default\"><a href=\"#\">Convenios de investigaci\u00f3n<\/a><\/span>\t\t\t\t<\/div>\n\t\t\t\t<\/div>\n\t\t\t\t\t<\/div>\n\t\t\t\t<\/div>\n\t\t<div class=\"elementor-element elementor-element-06ff581 e-flex e-con-boxed e-con e-parent\" data-id=\"06ff581\" data-element_type=\"container\" data-e-type=\"container\">\n\t\t\t\t\t<div class=\"e-con-inner\">\n\t\t\t\t<div class=\"elementor-element elementor-element-e981b55 elementor-invisible elementor-widget elementor-widget-text-editor\" data-id=\"e981b55\" data-element_type=\"widget\" data-e-type=\"widget\" data-settings=\"{&quot;_animation&quot;:&quot;fadeIn&quot;}\" data-widget_type=\"text-editor.default\">\n\t\t\t\t\t\t\t\t\t<table class=\"tabla-proyectos\">\n<thead>\n<tr class=\"encabezado\">\n<th class=\"col-descripcion\">Descripci\u00f3n del Proyecto<\/th>\n<th class=\"col-snip\">C\u00f3digo SNIP<\/th>\n<th class=\"col-formuladora\">Unidad Formuladora<\/th>\n<th class=\"col-ejecutora\">Unidad Ejecutadora<\/th>\n<th class=\"col-presupuesto\">Presupuesto Expediente T\u00e9cnico<\/th>\n<\/tr>\n<\/thead>\n<tbody>\n<tr class=\"fila\">\n<td class=\"descripcion\">PIP Puesta en Valor de la Pir\u00e1mide de los \u00cddolos, Pir\u00e1mide Alta y\nPir\u00e1mide Sacrificios del Sitio Arqueol\u00f3gico de \u00c1spero Supe Puerto.<\/td>\n<td class=\"snip\">72079<\/td>\n<td class=\"formuladora\">Plan COPESCO<\/td>\n<td class=\"ejecutora\">ZAC\/MC<\/td>\n<td class=\"presupuesto\">S\/. 2\u2019512,235.70<\/td>\n<\/tr>\n<tr class=\"fila\">\n<td class=\"descripcion\">PIP Puesta en Valor de la Pir\u00e1mide Mayor (A1) Pir\u00e1mide Dual (C3)\ndel Sitio Arqueol\u00f3gico de Miraya Supe.<\/td>\n<td class=\"snip\">72048<\/td>\n<td class=\"formuladora\">Plan COPESCO<\/td>\n<td class=\"ejecutora\">ZAC\/MC<\/td>\n<td class=\"presupuesto\">S\/. 2\u2019067,091.00<\/td>\n<\/tr>\n<tr class=\"fila\">\n<td class=\"descripcion\">PIP Puesta en Valor de la Pir\u00e1mide Mayor (H1) y de la Pir\u00e1mide\nDual (E2) del Sitio Arqueol\u00f3gico de Lurihuasi Supe.<\/td>\n<td class=\"snip\">76930<\/td>\n<td class=\"formuladora\">Plan COPESCO<\/td>\n<td class=\"ejecutora\">ZAC\/MC<\/td>\n<td class=\"presupuesto\">S\/. 1\u2019740,874.00<\/td>\n<\/tr>\n<\/tbody>\n<\/table>\t\t\t\t\t\t\t\t<\/div>\n\t\t\t\t\t<\/div>\n\t\t\t\t<\/div>\n\t\t\t\t<\/div>\n\t\t","protected":false},"excerpt":{"rendered":"<p>CONVENIOS DE INVESTIGACI\u00d3N Las actividades de investigaci\u00f3n desarrolladas en la Costa Norcentral por la Zona Arqueol\u00f3gica Caral guardan las caracter\u00edsticas [&hellip;]<\/p>\n","protected":false},"author":1,"featured_media":0,"parent":0,"menu_order":0,"comment_status":"closed","ping_status":"closed","template":"","meta":{"_acf_changed":false,"site-sidebar-layout":"no-sidebar","site-content-layout":"","ast-site-content-layout":"full-width-container","site-content-style":"default","site-sidebar-style":"default","ast-global-header-display":"","ast-banner-title-visibility":"","ast-main-header-display":"","ast-hfb-above-header-display":"","ast-hfb-below-header-display":"","ast-hfb-mobile-header-display":"","site-post-title":"","ast-breadcrumbs-content":"","ast-featured-img":"disabled","footer-sml-layout":"","ast-disable-related-posts":"","theme-transparent-header-meta":"","adv-header-id-meta":"","stick-header-meta":"","header-above-stick-meta":"","header-main-stick-meta":"","header-below-stick-meta":"","astra-migrate-meta-layouts":"default","ast-page-background-enabled":"default","ast-page-background-meta":{"desktop":{"background-color":"var(--ast-global-color-5)","background-image":"","background-repeat":"repeat","background-position":"center center","background-size":"auto","background-attachment":"scroll","background-type":"","background-media":"","overlay-type":"","overlay-color":"","overlay-opacity":"","overlay-gradient":""},"tablet":{"background-color":"","background-image":"","background-repeat":"repeat","background-position":"center center","background-size":"auto","background-attachment":"scroll","background-type":"","background-media":"","overlay-type":"","overlay-color":"","overlay-opacity":"","overlay-gradient":""},"mobile":{"background-color":"","background-image":"","background-repeat":"repeat","background-position":"center center","background-size":"auto","background-attachment":"scroll","background-type":"","background-media":"","overlay-type":"","overlay-color":"","overlay-opacity":"","overlay-gradient":""}},"ast-content-background-meta":{"desktop":{"background-color":"var(--ast-global-color-4)","background-image":"","background-repeat":"repeat","background-position":"center center","background-size":"auto","background-attachment":"scroll","background-type":"","background-media":"","overlay-type":"","overlay-color":"","overlay-opacity":"","overlay-gradient":""},"tablet":{"background-color":"var(--ast-global-color-4)","background-image":"","background-repeat":"repeat","background-position":"center center","background-size":"auto","background-attachment":"scroll","background-type":"","background-media":"","overlay-type":"","overlay-color":"","overlay-opacity":"","overlay-gradient":""},"mobile":{"background-color":"var(--ast-global-color-4)","background-image":"","background-repeat":"repeat","background-position":"center center","background-size":"auto","background-attachment":"scroll","background-type":"","background-media":"","overlay-type":"","overlay-color":"","overlay-opacity":"","overlay-gradient":""}},"footnotes":""},"class_list":["post-24564","page","type-page","status-publish","hentry"],"acf":[],"yoast_head":"<!-- This site is optimized with the Yoast SEO plugin v27.3 - https:\/\/yoast.com\/product\/yoast-seo-wordpress\/ -->\n<title>Convenios de investigaci\u00f3n - Zona Caral<\/title>\n<meta name=\"robots\" content=\"index, follow, max-snippet:-1, max-image-preview:large, max-video-preview:-1\" \/>\n<link rel=\"canonical\" href=\"https:\/\/zonacaral.gob.pe\/es\/convenios-de-investigacion\/\" \/>\n<meta property=\"og:locale\" content=\"es_ES\" \/>\n<meta property=\"og:type\" content=\"article\" \/>\n<meta property=\"og:title\" content=\"Convenios de investigaci\u00f3n - Zona Caral\" \/>\n<meta property=\"og:description\" content=\"CONVENIOS DE INVESTIGACI\u00d3N Las actividades de investigaci\u00f3n desarrolladas en la Costa Norcentral por la Zona Arqueol\u00f3gica Caral guardan las caracter\u00edsticas [&hellip;]\" \/>\n<meta property=\"og:url\" content=\"https:\/\/zonacaral.gob.pe\/es\/convenios-de-investigacion\/\" \/>\n<meta property=\"og:site_name\" content=\"Zona Caral\" \/>\n<meta property=\"article:modified_time\" content=\"2026-05-06T07:14:52+00:00\" \/>\n<meta name=\"twitter:card\" content=\"summary_large_image\" \/>\n<meta name=\"twitter:label1\" content=\"Est. reading time\" \/>\n\t<meta name=\"twitter:data1\" content=\"1 minuto\" \/>\n<script type=\"application\/ld+json\" class=\"yoast-schema-graph\">{\"@context\":\"https:\\\/\\\/schema.org\",\"@graph\":[{\"@type\":\"WebPage\",\"@id\":\"https:\\\/\\\/zonacaral.gob.pe\\\/convenios-de-investigacion\\\/\",\"url\":\"https:\\\/\\\/zonacaral.gob.pe\\\/convenios-de-investigacion\\\/\",\"name\":\"Convenios de investigaci\u00f3n - Zona Caral\",\"isPartOf\":{\"@id\":\"https:\\\/\\\/zonacaral.gob.pe\\\/es\\\/#website\"},\"primaryImageOfPage\":{\"@id\":\"https:\\\/\\\/zonacaral.gob.pe\\\/convenios-de-investigacion\\\/#primaryimage\"},\"image\":{\"@id\":\"https:\\\/\\\/zonacaral.gob.pe\\\/convenios-de-investigacion\\\/#primaryimage\"},\"thumbnailUrl\":\"https:\\\/\\\/zonacaral.gob.pe\\\/wp-content\\\/uploads\\\/2025\\\/12\\\/vector_caral.svg\",\"datePublished\":\"2026-05-06T04:31:46+00:00\",\"dateModified\":\"2026-05-06T07:14:52+00:00\",\"breadcrumb\":{\"@id\":\"https:\\\/\\\/zonacaral.gob.pe\\\/convenios-de-investigacion\\\/#breadcrumb\"},\"inLanguage\":\"es-PE\",\"potentialAction\":[{\"@type\":\"ReadAction\",\"target\":[\"https:\\\/\\\/zonacaral.gob.pe\\\/convenios-de-investigacion\\\/\"]}]},{\"@type\":\"ImageObject\",\"inLanguage\":\"es-PE\",\"@id\":\"https:\\\/\\\/zonacaral.gob.pe\\\/convenios-de-investigacion\\\/#primaryimage\",\"url\":\"https:\\\/\\\/zonacaral.gob.pe\\\/wp-content\\\/uploads\\\/2025\\\/12\\\/vector_caral.svg\",\"contentUrl\":\"https:\\\/\\\/zonacaral.gob.pe\\\/wp-content\\\/uploads\\\/2025\\\/12\\\/vector_caral.svg\"},{\"@type\":\"BreadcrumbList\",\"@id\":\"https:\\\/\\\/zonacaral.gob.pe\\\/convenios-de-investigacion\\\/#breadcrumb\",\"itemListElement\":[{\"@type\":\"ListItem\",\"position\":1,\"name\":\"Portada\",\"item\":\"https:\\\/\\\/zonacaral.gob.pe\\\/\"},{\"@type\":\"ListItem\",\"position\":2,\"name\":\"Convenios de investigaci\u00f3n\"}]},{\"@type\":\"WebSite\",\"@id\":\"https:\\\/\\\/zonacaral.gob.pe\\\/es\\\/#website\",\"url\":\"https:\\\/\\\/zonacaral.gob.pe\\\/es\\\/\",\"name\":\"Zona Caral\",\"description\":\"Investigamos, conservamos y difundimos el patrimonio cultural de la Civilizaci\u00f3n Caral, la m\u00e1s antigua de Am\u00e9rica.\",\"potentialAction\":[{\"@type\":\"SearchAction\",\"target\":{\"@type\":\"EntryPoint\",\"urlTemplate\":\"https:\\\/\\\/zonacaral.gob.pe\\\/es\\\/?s={search_term_string}\"},\"query-input\":{\"@type\":\"PropertyValueSpecification\",\"valueRequired\":true,\"valueName\":\"search_term_string\"}}],\"inLanguage\":\"es-PE\"}]}<\/script>\n<!-- \/ Yoast SEO plugin. -->","yoast_head_json":{"title":"Convenios de investigaci\u00f3n - Zona Caral","robots":{"index":"index","follow":"follow","max-snippet":"max-snippet:-1","max-image-preview":"max-image-preview:large","max-video-preview":"max-video-preview:-1"},"canonical":"https:\/\/zonacaral.gob.pe\/es\/convenios-de-investigacion\/","og_locale":"es_ES","og_type":"article","og_title":"Convenios de investigaci\u00f3n - Zona Caral","og_description":"CONVENIOS DE INVESTIGACI\u00d3N Las actividades de investigaci\u00f3n desarrolladas en la Costa Norcentral por la Zona Arqueol\u00f3gica Caral guardan las caracter\u00edsticas [&hellip;]","og_url":"https:\/\/zonacaral.gob.pe\/es\/convenios-de-investigacion\/","og_site_name":"Zona Caral","article_modified_time":"2026-05-06T07:14:52+00:00","twitter_card":"summary_large_image","twitter_misc":{"Est. reading time":"1 minuto"},"schema":{"@context":"https:\/\/schema.org","@graph":[{"@type":"WebPage","@id":"https:\/\/zonacaral.gob.pe\/convenios-de-investigacion\/","url":"https:\/\/zonacaral.gob.pe\/convenios-de-investigacion\/","name":"Convenios de investigaci\u00f3n - Zona Caral","isPartOf":{"@id":"https:\/\/zonacaral.gob.pe\/es\/#website"},"primaryImageOfPage":{"@id":"https:\/\/zonacaral.gob.pe\/convenios-de-investigacion\/#primaryimage"},"image":{"@id":"https:\/\/zonacaral.gob.pe\/convenios-de-investigacion\/#primaryimage"},"thumbnailUrl":"https:\/\/zonacaral.gob.pe\/wp-content\/uploads\/2025\/12\/vector_caral.svg","datePublished":"2026-05-06T04:31:46+00:00","dateModified":"2026-05-06T07:14:52+00:00","breadcrumb":{"@id":"https:\/\/zonacaral.gob.pe\/convenios-de-investigacion\/#breadcrumb"},"inLanguage":"es-PE","potentialAction":[{"@type":"ReadAction","target":["https:\/\/zonacaral.gob.pe\/convenios-de-investigacion\/"]}]},{"@type":"ImageObject","inLanguage":"es-PE","@id":"https:\/\/zonacaral.gob.pe\/convenios-de-investigacion\/#primaryimage","url":"https:\/\/zonacaral.gob.pe\/wp-content\/uploads\/2025\/12\/vector_caral.svg","contentUrl":"https:\/\/zonacaral.gob.pe\/wp-content\/uploads\/2025\/12\/vector_caral.svg"},{"@type":"BreadcrumbList","@id":"https:\/\/zonacaral.gob.pe\/convenios-de-investigacion\/#breadcrumb","itemListElement":[{"@type":"ListItem","position":1,"name":"Portada","item":"https:\/\/zonacaral.gob.pe\/"},{"@type":"ListItem","position":2,"name":"Convenios de investigaci\u00f3n"}]},{"@type":"WebSite","@id":"https:\/\/zonacaral.gob.pe\/es\/#website","url":"https:\/\/zonacaral.gob.pe\/es\/","name":"Zona Caral","description":"Investigamos, conservamos y difundimos el patrimonio cultural de la Civilizaci\u00f3n Caral, la m\u00e1s antigua de Am\u00e9rica.","potentialAction":[{"@type":"SearchAction","target":{"@type":"EntryPoint","urlTemplate":"https:\/\/zonacaral.gob.pe\/es\/?s={search_term_string}"},"query-input":{"@type":"PropertyValueSpecification","valueRequired":true,"valueName":"search_term_string"}}],"inLanguage":"es-PE"}]}},"_links":{"self":[{"href":"https:\/\/zonacaral.gob.pe\/es\/wp-json\/wp\/v2\/pages\/24564","targetHints":{"allow":["GET"]}}],"collection":[{"href":"https:\/\/zonacaral.gob.pe\/es\/wp-json\/wp\/v2\/pages"}],"about":[{"href":"https:\/\/zonacaral.gob.pe\/es\/wp-json\/wp\/v2\/types\/page"}],"author":[{"embeddable":true,"href":"https:\/\/zonacaral.gob.pe\/es\/wp-json\/wp\/v2\/users\/1"}],"replies":[{"embeddable":true,"href":"https:\/\/zonacaral.gob.pe\/es\/wp-json\/wp\/v2\/comments?post=24564"}],"version-history":[{"count":7,"href":"https:\/\/zonacaral.gob.pe\/es\/wp-json\/wp\/v2\/pages\/24564\/revisions"}],"predecessor-version":[{"id":24662,"href":"https:\/\/zonacaral.gob.pe\/es\/wp-json\/wp\/v2\/pages\/24564\/revisions\/24662"}],"wp:attachment":[{"href":"https:\/\/zonacaral.gob.pe\/es\/wp-json\/wp\/v2\/media?parent=24564"}],"curies":[{"name":"wp","href":"https:\/\/api.w.org\/{rel}","templated":true}]}}